{"id":995,"date":"2021-05-04T07:44:38","date_gmt":"2021-05-04T07:44:38","guid":{"rendered":"https:\/\/www.acccflagship.fi\/?page_id=995"},"modified":"2023-06-29T19:32:07","modified_gmt":"2023-06-29T16:32:07","slug":"yhteystiedot","status":"publish","type":"page","link":"https:\/\/www.acccflagship.fi\/index.php\/fi\/yhteystiedot\/","title":{"rendered":"Yhteystiedot"},"content":{"rendered":"\n<p><\/p>\n\n\n\n<p>acccflagship(a)helsinki.fi<\/p>\n\n\n\n<p>Twitter: @ACCC_FS, #ACCC_FS<\/p>\n\n\n\n<p><\/p>\n\n\n\n<h3 class=\"wp-block-heading\"><\/h3>\n\n\n\n<h4 class=\"wp-block-heading\"><mark style=\"background-color:rgba(0, 0, 0, 0)\" class=\"has-inline-color has-neve-link-color-color\">\u200bTutkimusohjelmat<em>\u00a0<\/em><\/mark><em>\u00a0<\/em>\u200b<\/h4>\n\n\n\n<p><strong>Anna Lintunen<\/strong><\/p>\n\n\n\n<p>INAR, Helsingin yliopisto\u200b<\/p>\n\n\n\n<p>anna.lintunen(a)helsinki.fi<\/p>\n\n\n\n<p><\/p>\n\n\n\n<h4 class=\"wp-block-heading\"><strong><span class=\"has-inline-color has-neve-link-color-color\">Vaikuttavuusohjelma<\/span><\/strong>\u200b<\/h4>\n\n\n\n<p><strong>Hanna Lappalainen<\/strong><\/p>\n\n\n\n<p>INAR, Helsingin yliopisto&nbsp;\u200b<\/p>\n\n\n\n<p>hanna.lappalainen (a)helsinki.fi  <\/p>\n\n\n\n<p><\/p>\n\n\n\n<h4 class=\"wp-block-heading\"><mark style=\"background-color:rgba(0, 0, 0, 0)\" class=\"has-inline-color has-neve-link-color-color\">Yritysyhteisty\u00f6<\/mark><\/h4>\n\n\n\n<p><strong>Sami Paatero<\/strong><\/p>\n\n\n\n<p>sami.paatero(a)helsinki.fi <\/p>\n\n\n\n<p><\/p>\n\n\n\n<h4 class=\"wp-block-heading\"><mark style=\"background-color:rgba(0, 0, 0, 0)\" class=\"has-inline-color has-neve-link-color-color\">Aasia-yhteisty\u00f6<\/mark><\/h4>\n\n\n\n<p><strong>Joni Kujansuu<\/strong><\/p>\n\n\n\n<p>Helsingin yliopisto<\/p>\n\n\n\n<p>joni.kujansuu(a)helsinki.fi<\/p>\n\n\n\n<p><\/p>\n\n\n\n<h4 class=\"wp-block-heading\"><mark style=\"background-color:rgba(0, 0, 0, 0)\" class=\"has-inline-color has-neve-link-color-color\"><strong>Organisaatiokohtaiset yhteyshenkil\u00f6t ja <\/strong>vastuualueet\u200b<\/mark><\/h4>\n\n\n\n<h5 class=\"wp-block-heading\"><mark style=\"background-color:rgba(0, 0, 0, 0)\" class=\"has-inline-color has-neve-link-hover-color-color\">\u200bINAR, Helsingin yliopisto <\/mark>\u200b<\/h5>\n\n\n\n<p><strong>Sija H\u00e4me<\/strong><\/p>\n\n\n\n<p>tutkimuskoordinaattori, ACCC office<\/p>\n\n\n\n<p>silja.hame (a)helsinki.fi  <\/p>\n\n\n\n<p><strong>Otso Per\u00e4kyl\u00e4<\/strong>&nbsp;\u200b<\/p>\n\n\n\n<p>s\u00e4hk\u00f6postilistojen hallinnointi<\/p>\n\n\n\n<p>otso.perakyla (a)helsinki.fi  <\/p>\n\n\n\n<p><strong>Rosa Rantanen\u200b<\/strong><\/p>\n\n\n\n<p><a href=\"https:\/\/blogs.helsinki.fi\/saferclimate\/suomeksi\/\">Initiative for a Safer Climate<\/a>\u00a0(kansalaisyhteiskuntayhteisty\u00f6)<\/p>\n\n\n\n<p>rosa.rantanen (a)helsinki.fi  <\/p>\n\n\n\n<p>050-3360785<\/p>\n\n\n\n<p><a href=\"https:\/\/twitter.com\/RantanenRosa\" target=\"_blank\" rel=\"noreferrer noopener\">@RantanenRosa<\/a><\/p>\n\n\n\n<h5 class=\"wp-block-heading\"><mark style=\"background-color:rgba(0, 0, 0, 0)\" class=\"has-inline-color has-neve-link-hover-color-color\">Ilmatieteen laitos<\/mark><\/h5>\n\n\n\n<p><strong>Tero Siili<\/strong><\/p>\n\n\n\n<p>tutkimuskoordinaattori  (IL ensisijainen yhteyshenkil\u00f6)<\/p>\n\n\n\n<p>tero.siili (a)fmi.fi<\/p>\n\n\n\n<p><strong>\u00c5sa Stam<\/strong><\/p>\n\n\n\n<p>tutkimuskoordinaattori<\/p>\n\n\n\n<p>asa.stam(a)fmi.fi<\/p>\n\n\n\n<h5 class=\"wp-block-heading\"><strong><span class=\"has-inline-color has-neve-link-hover-color-color\">It\u00e4-Suomen yliopisto<\/span><\/strong><\/h5>\n\n\n\n<p><strong>Santtu Mikkonen<\/strong> <\/p>\n\n\n\n<p>santtu.mikkonen (a)uef.fi<\/p>\n\n\n\n<p><a href=\"https:\/\/twitter.com\/santtu_mikkonen\" target=\"_blank\" rel=\"noreferrer noopener\">@santtu_mikkonen<\/a><\/p>\n\n\n\n<p><\/p>\n\n\n\n<h4 class=\"wp-block-heading\"><mark style=\"background-color:rgba(0, 0, 0, 0)\" class=\"has-inline-color has-neve-link-color-color\">ACCC-lippulaivan johto<\/mark><\/h4>\n\n\n\n<p><strong><span class=\"has-inline-color has-neve-link-hover-color-color\">Johtaja<\/span><\/strong>\u200b<\/p>\n\n\n\n<p><strong>Markku Kulmala<\/strong><\/p>\n\n\n\n<p>Helsingin yliopisto\u200b<\/p>\n\n\n\n<p>markku.kulmala (a)helsinki.fi  <\/p>\n\n\n\n<p><\/p>\n\n\n\n<p><strong><span class=\"has-inline-color has-neve-link-hover-color-color\">Varajohtajat<\/span><\/strong>\u200b<\/p>\n\n\n\n<p><strong>Jaana B\u00e4ck<\/strong><\/p>\n\n\n\n<p>Helsingin yliopisto\u200b<\/p>\n\n\n\n<p>jaana.back (a)helsinki.fi  <\/p>\n\n\n\n<p><strong>Ari Laaksonen<\/strong><\/p>\n\n\n\n<p>Ilmatieteenlaitos&nbsp;\u200b<\/p>\n\n\n\n<p>ari.laaksonen (a)fmi.fi\u200b<\/p>\n\n\n\n<p><strong>Miikka&nbsp;Dal&nbsp;Maso<\/strong><\/p>\n\n\n\n<p>Tampereen yliopisto\u200b<\/p>\n\n\n\n<p>miikka.dalmaso (a)tuni.fi<\/p>\n\n\n\n<p><strong>Annele Virtanen<\/strong><\/p>\n\n\n\n<p>It\u00e4-Suomen yliopisto<\/p>\n\n\n\n<p>annele.virtanen (a)uef.fi<\/p>\n\n\n\n<p><a href=\"https:\/\/twitter.com\/AnneleVirtanen\" target=\"_blank\" rel=\"noreferrer noopener\">@annelevirtanen<\/a><\/p>\n","protected":false},"excerpt":{"rendered":"<p>acccflagship(a)helsinki.fi Twitter: @ACCC_FS, #ACCC_FS \u200bTutkimusohjelmat\u00a0\u00a0\u200b Anna Lintunen INAR, Helsingin yliopisto\u200b anna.lintunen(a)helsinki.fi Vaikuttavuusohjelma\u200b Hanna Lappalainen INAR, Helsingin yliopisto&nbsp;\u200b hanna.lappalainen (a)helsinki.fi Yritysyhteisty\u00f6 Sami Paatero sami.paatero(a)helsinki.fi Aasia-yhteisty\u00f6 Joni Kujansuu Helsingin yliopisto joni.kujansuu(a)helsinki.fi Organisaatiokohtaiset yhteyshenkil\u00f6t ja vastuualueet\u200b \u200bINAR, Helsingin yliopisto \u200b Sija H\u00e4me tutkimuskoordinaattori, ACCC office silja.hame (a)helsinki.fi Otso Per\u00e4kyl\u00e4&nbsp;\u200b s\u00e4hk\u00f6postilistojen hallinnointi otso.perakyla (a)helsinki.fi Rosa Rantanen\u200b Initiative for a [&hellip;]<\/p>\n","protected":false},"author":1,"featured_media":0,"parent":0,"menu_order":0,"comment_status":"closed","ping_status":"closed","template":"","meta":{"site-sidebar-layout":"default","site-content-layout":"","ast-site-content-layout":"default","site-content-style":"default","site-sidebar-style":"default","ast-global-header-display":"","ast-banner-title-visibility":"","ast-main-header-display":"","ast-hfb-above-header-display":"","ast-hfb-below-header-display":"","ast-hfb-mobile-header-display":"","site-post-title":"","ast-breadcrumbs-content":"","ast-featured-img":"","footer-sml-layout":"","ast-disable-related-posts":"","theme-transparent-header-meta":"","adv-header-id-meta":"","stick-header-meta":"","header-above-stick-meta":"","header-main-stick-meta":"","header-below-stick-meta":"","astra-migrate-meta-layouts":"default","ast-page-background-enabled":"default","ast-page-background-meta":{"desktop":{"background-color":"var(--ast-global-color-4)","background-image":"","background-repeat":"repeat","background-position":"center center","background-size":"auto","background-attachment":"scroll","background-type":"","background-media":"","overlay-type":"","overlay-color":"","overlay-opacity":"","overlay-gradient":""},"tablet":{"background-color":"","background-image":"","background-repeat":"repeat","background-position":"center center","background-size":"auto","background-attachment":"scroll","background-type":"","background-media":"","overlay-type":"","overlay-color":"","overlay-opacity":"","overlay-gradient":""},"mobile":{"background-color":"","background-image":"","background-repeat":"repeat","background-position":"center center","background-size":"auto","background-attachment":"scroll","background-type":"","background-media":"","overlay-type":"","overlay-color":"","overlay-opacity":"","overlay-gradient":""}},"ast-content-background-meta":{"desktop":{"background-color":"var(--ast-global-color-5)","background-image":"","background-repeat":"repeat","background-position":"center center","background-size":"auto","background-attachment":"scroll","background-type":"","background-media":"","overlay-type":"","overlay-color":"","overlay-opacity":"","overlay-gradient":""},"tablet":{"background-color":"var(--ast-global-color-5)","background-image":"","background-repeat":"repeat","background-position":"center center","background-size":"auto","background-attachment":"scroll","background-type":"","background-media":"","overlay-type":"","overlay-color":"","overlay-opacity":"","overlay-gradient":""},"mobile":{"background-color":"var(--ast-global-color-5)","background-image":"","background-repeat":"repeat","background-position":"center center","background-size":"auto","background-attachment":"scroll","background-type":"","background-media":"","overlay-type":"","overlay-color":"","overlay-opacity":"","overlay-gradient":""}},"_vp_format_video_url":"","_vp_image_focal_point":[],"footnotes":""},"class_list":["post-995","page","type-page","status-publish","hentry"],"featured_image_src":null,"_links":{"self":[{"href":"https:\/\/www.acccflagship.fi\/index.php\/wp-json\/wp\/v2\/pages\/995","targetHints":{"allow":["GET"]}}],"collection":[{"href":"https:\/\/www.acccflagship.fi\/index.php\/wp-json\/wp\/v2\/pages"}],"about":[{"href":"https:\/\/www.acccflagship.fi\/index.php\/wp-json\/wp\/v2\/types\/page"}],"author":[{"embeddable":true,"href":"https:\/\/www.acccflagship.fi\/index.php\/wp-json\/wp\/v2\/users\/1"}],"replies":[{"embeddable":true,"href":"https:\/\/www.acccflagship.fi\/index.php\/wp-json\/wp\/v2\/comments?post=995"}],"version-history":[{"count":19,"href":"https:\/\/www.acccflagship.fi\/index.php\/wp-json\/wp\/v2\/pages\/995\/revisions"}],"predecessor-version":[{"id":2760,"href":"https:\/\/www.acccflagship.fi\/index.php\/wp-json\/wp\/v2\/pages\/995\/revisions\/2760"}],"wp:attachment":[{"href":"https:\/\/www.acccflagship.fi\/index.php\/wp-json\/wp\/v2\/media?parent=995"}],"curies":[{"name":"wp","href":"https:\/\/api.w.org\/{rel}","templated":true}]}}