{"id":987,"date":"2021-05-04T07:42:16","date_gmt":"2021-05-04T07:42:16","guid":{"rendered":"https:\/\/www.acccflagship.fi\/?page_id=987"},"modified":"2021-05-05T10:43:40","modified_gmt":"2021-05-05T10:43:40","slug":"tutkimus","status":"publish","type":"page","link":"https:\/\/www.acccflagship.fi\/index.php\/fi\/tutkimus\/","title":{"rendered":"Tutkimus"},"content":{"rendered":"\n<p><strong>ACCC\u00a0tuottaa\u00a0huippulaatuista\u00a0ilmakeh\u00e4n\u00a0ja\u00a0ilmanlaadun\u00a0tutkimusta, jota\u00a0tarvitaan\u00a0ilmastoneutraaliuden\u00a0saavuttamiseksi\u00a0Suomessa,\u00a0Euroopan\u00a0Unionissa\u00a0ja\u00a0maailmanlaajuisesti.\u200b<\/strong><\/p>\n\n\n\n<p>ACCC:ssa\u00a0teht\u00e4v\u00e4\u00a0tutkimus\u00a0on\u00a0jaettu\u00a0kolmeen\u00a0tutkimusohjelmaan:\u200b<\/p>\n\n\n\n<p>Tutkimusohjelma&nbsp; 1 \u2013 Quantifying and activating the potential of land-based climate&nbsp;change mitigation\u200b<\/p>\n\n\n\n<p>Tutkimusohjelma&nbsp; 2 \u2013 Quantifying the air quality (AQ)-climate interactions and their&nbsp;impacts\u200b<\/p>\n\n\n\n<p>Tutkimusohjelma\u00a03 \u2013 Climate change impacts and adaptation\u200b<\/p>\n\n\n\n<p>Toinen\u00a0ACCC:n\u00a0keskeinen\u00a0osa\u00a0on\u00a0vaikuttavuusohjelmamme,\u00a0jonka\u00a013\u00a0vaikuttavuuden\u00a0k\u00e4rke\u00e4\u00a0tukevat\u00a0laaja-alaista\u00a0<a href=\"https:\/\/www.acccflagship.fi\/index.php\/fi\/yhteistyo\/\" target=\"_blank\" rel=\"noreferrer noopener\">yhteisty\u00f6t\u00e4<\/a>\u00a0erilaisten\u00a0yhteisunnallisten\u00a0toimijoiden\u00a0kanssa.\u00a0<\/p>\n\n\n\n<p>Lis\u00e4tietoa ACCC:ssa teht\u00e4v\u00e4st\u00e4 tutkimuksesta l\u00f6yd\u00e4t englanniksi <a rel=\"noreferrer noopener\" href=\"https:\/\/www.acccflagship.fi\/index.php\/accc-science\/\" target=\"_blank\">t\u00e4\u00e4lt\u00e4<\/a>. <\/p>\n","protected":false},"excerpt":{"rendered":"<p>ACCC\u00a0tuottaa\u00a0huippulaatuista\u00a0ilmakeh\u00e4n\u00a0ja\u00a0ilmanlaadun\u00a0tutkimusta, jota\u00a0tarvitaan\u00a0ilmastoneutraaliuden\u00a0saavuttamiseksi\u00a0Suomessa,\u00a0Euroopan\u00a0Unionissa\u00a0ja\u00a0maailmanlaajuisesti.\u200b ACCC:ssa\u00a0teht\u00e4v\u00e4\u00a0tutkimus\u00a0on\u00a0jaettu\u00a0kolmeen\u00a0tutkimusohjelmaan:\u200b Tutkimusohjelma&nbsp; 1 \u2013 Quantifying and activating the potential of land-based climate&nbsp;change mitigation\u200b Tutkimusohjelma&nbsp; 2 \u2013 Quantifying the air quality (AQ)-climate interactions and their&nbsp;impacts\u200b Tutkimusohjelma\u00a03 \u2013 Climate change impacts and adaptation\u200b Toinen\u00a0ACCC:n\u00a0keskeinen\u00a0osa\u00a0on\u00a0vaikuttavuusohjelmamme,\u00a0jonka\u00a013\u00a0vaikuttavuuden\u00a0k\u00e4rke\u00e4\u00a0tukevat\u00a0laaja-alaista\u00a0yhteisty\u00f6t\u00e4\u00a0erilaisten\u00a0yhteisunnallisten\u00a0toimijoiden\u00a0kanssa.\u00a0 Lis\u00e4tietoa ACCC:ssa teht\u00e4v\u00e4st\u00e4 tutkimuksesta l\u00f6yd\u00e4t englanniksi t\u00e4\u00e4lt\u00e4.<\/p>\n","protected":false},"author":1,"featured_media":0,"parent":0,"menu_order":0,"comment_status":"closed","ping_status":"closed","template":"","meta":{"site-sidebar-layout":"default","site-content-layout":"","ast-site-content-layout":"default","site-content-style":"default","site-sidebar-style":"default","ast-global-header-display":"","ast-banner-title-visibility":"","ast-main-header-display":"","ast-hfb-above-header-display":"","ast-hfb-below-header-display":"","ast-hfb-mobile-header-display":"","site-post-title":"","ast-breadcrumbs-content":"","ast-featured-img":"","footer-sml-layout":"","ast-disable-related-posts":"","theme-transparent-header-meta":"","adv-header-id-meta":"","stick-header-meta":"","header-above-stick-meta":"","header-main-stick-meta":"","header-below-stick-meta":"","astra-migrate-meta-layouts":"default","ast-page-background-enabled":"default","ast-page-background-meta":{"desktop":{"background-color":"var(--ast-global-color-4)","background-image":"","background-repeat":"repeat","background-position":"center center","background-size":"auto","background-attachment":"scroll","background-type":"","background-media":"","overlay-type":"","overlay-color":"","overlay-opacity":"","overlay-gradient":""},"tablet":{"background-color":"","background-image":"","background-repeat":"repeat","background-position":"center center","background-size":"auto","background-attachment":"scroll","background-type":"","background-media":"","overlay-type":"","overlay-color":"","overlay-opacity":"","overlay-gradient":""},"mobile":{"background-color":"","background-image":"","background-repeat":"repeat","background-position":"center center","background-size":"auto","background-attachment":"scroll","background-type":"","background-media":"","overlay-type":"","overlay-color":"","overlay-opacity":"","overlay-gradient":""}},"ast-content-background-meta":{"desktop":{"background-color":"var(--ast-global-color-5)","background-image":"","background-repeat":"repeat","background-position":"center center","background-size":"auto","background-attachment":"scroll","background-type":"","background-media":"","overlay-type":"","overlay-color":"","overlay-opacity":"","overlay-gradient":""},"tablet":{"background-color":"var(--ast-global-color-5)","background-image":"","background-repeat":"repeat","background-position":"center center","background-size":"auto","background-attachment":"scroll","background-type":"","background-media":"","overlay-type":"","overlay-color":"","overlay-opacity":"","overlay-gradient":""},"mobile":{"background-color":"var(--ast-global-color-5)","background-image":"","background-repeat":"repeat","background-position":"center center","background-size":"auto","background-attachment":"scroll","background-type":"","background-media":"","overlay-type":"","overlay-color":"","overlay-opacity":"","overlay-gradient":""}},"_vp_format_video_url":"","_vp_image_focal_point":[],"footnotes":""},"class_list":["post-987","page","type-page","status-publish","hentry"],"featured_image_src":null,"_links":{"self":[{"href":"https:\/\/www.acccflagship.fi\/index.php\/wp-json\/wp\/v2\/pages\/987","targetHints":{"allow":["GET"]}}],"collection":[{"href":"https:\/\/www.acccflagship.fi\/index.php\/wp-json\/wp\/v2\/pages"}],"about":[{"href":"https:\/\/www.acccflagship.fi\/index.php\/wp-json\/wp\/v2\/types\/page"}],"author":[{"embeddable":true,"href":"https:\/\/www.acccflagship.fi\/index.php\/wp-json\/wp\/v2\/users\/1"}],"replies":[{"embeddable":true,"href":"https:\/\/www.acccflagship.fi\/index.php\/wp-json\/wp\/v2\/comments?post=987"}],"version-history":[{"count":3,"href":"https:\/\/www.acccflagship.fi\/index.php\/wp-json\/wp\/v2\/pages\/987\/revisions"}],"predecessor-version":[{"id":1054,"href":"https:\/\/www.acccflagship.fi\/index.php\/wp-json\/wp\/v2\/pages\/987\/revisions\/1054"}],"wp:attachment":[{"href":"https:\/\/www.acccflagship.fi\/index.php\/wp-json\/wp\/v2\/media?parent=987"}],"curies":[{"name":"wp","href":"https:\/\/api.w.org\/{rel}","templated":true}]}}