{"id":964,"date":"2021-05-03T10:56:41","date_gmt":"2021-05-03T10:56:41","guid":{"rendered":"https:\/\/www.acccflagship.fi\/index.php\/about-us-suomi\/"},"modified":"2021-05-05T10:31:26","modified_gmt":"2021-05-05T10:31:26","slug":"about-us-suomi","status":"publish","type":"page","link":"https:\/\/www.acccflagship.fi\/index.php\/fi\/about-us-suomi\/","title":{"rendered":"Tietoa meist\u00e4"},"content":{"rendered":"\n<div class=\"wp-block-columns is-layout-flex wp-container-core-columns-is-layout-28f84493 wp-block-columns-is-layout-flex\">\n<div class=\"wp-block-column is-layout-flow wp-block-column-is-layout-flow\" style=\"flex-basis:66.66%\">\n<h2 class=\"wp-block-heading\">Tavoitteena puhdas ilma ja turvallinen ilmasto<\/h2>\n\n\n\n<p><strong>ACCC kehitt\u00e4\u00e4 tieteelliseen ymm\u00e4rrykseen perustuvia k\u00e4yt\u00e4nn\u00f6n ratkaisuja ilmastonmuutoksen torjumiseen <\/strong>\u00a0<\/p>\n\n\n\n<p class=\"has-text-align-left\">Ilmakeh\u00e4n ja ilmaston osaamiskeskus ACCC (Atmosphere\u00a0and\u00a0Climate\u00a0Competence\u00a0Center) on huippututkimuksen keskittym\u00e4, jonka tavoitteena on lis\u00e4t\u00e4\u00a0ymm\u00e4rryst\u00e4 ilmastonmuutoksesta sek\u00e4 ilmanlaadun heikkenemisest\u00e4. N\u00e4ihin maailmanlaajuisiin haasteisiin vastaaminen on t\u00e4rke\u00e4\u00e4, jotta pystymme tukemaan Suomen, Euroopan\u00a0Unionin ja kansainv\u00e4lisen yhteis\u00f6n hiilineutraaliustavoitteita\u00a0sek\u00e4\u00a0hillitsem\u00e4\u00e4n ilmansaasteiden syntymist\u00e4 ja yll\u00e4pit\u00e4m\u00e4\u00e4n ilmakeh\u00e4n puhtautta. ACCC tukee yhteisi\u00e4 tavoitteita tuottamalla tieteellist\u00e4 tietoa ja tuomalla sit\u00e4 erilaisten yhteiskunnallisten toimijoiden k\u00e4ytt\u00f6\u00f6n. <\/p>\n\n\n\n<p class=\"has-text-align-left\">Tutkimustiedon hy\u00f6dynt\u00e4mist\u00e4\u00a0ja ymm\u00e4rt\u00e4mist\u00e4 yhteiskunnassa\u00a0edistet\u00e4\u00e4n\u00a0k\u00e4ym\u00e4ll\u00e4\u00a0vuoropuhelua\u00a0ja tekem\u00e4ll\u00e4 yhteisty\u00f6t\u00e4\u00a0yritysten,\u00a0tutkimushankkeiden,\u00a0kansalaisj\u00e4rjest\u00f6jen, p\u00e4\u00e4tt\u00e4jien ja kansalaisten\u00a0kanssa.\u00a0<\/p>\n\n\n\n<p><strong>Tutkimus tukee kansainv\u00e4listen ilmastotavoitteiden toteutumista<\/strong><\/p>\n\n\n\n<p class=\"has-text-align-left\">Me ACCC:ssa\u00a0olemme sitoutuneet\u00a0etsim\u00e4\u00e4n entist\u00e4 tehokkaampia\u00a0tapoja hiilen sitomiseen ilmakeh\u00e4st\u00e4 ja\u00a0hiilensidonnan\u00a0luotettavaan todentamiseen. Arvioimme toimenpiteit\u00e4, joita tehd\u00e4\u00e4n ilmastoneutraaliuden ja ilmanlaadun hoidon hyv\u00e4ksi. Tuemme aktiivisesti yritysten pyrkimyksi\u00e4 p\u00e4\u00e4st\u00e4 Pariisin ilmastosopimuksen tavoitteisiin sek\u00e4 ilmastonmuutoksen hillint\u00e4\u00e4 ja sen vaikutuksiin sopeutumista. Samalla ty\u00f6mme tukee\u00a0my\u00f6s\u00a0EU:n Vihre\u00e4n kehityksen ohjelmaan (<a rel=\"noreferrer noopener\" href=\"https:\/\/eurooppatiedotus.fi\/2020\/03\/04\/mika-eun-green-deal\/\" target=\"_blank\">EU Green\u00a0Deal<\/a>) sek\u00e4 YK:n\u00a0<a rel=\"noreferrer noopener\" href=\"https:\/\/um.fi\/agenda-2030-kestavan-kehityksen-tavoitteet\" target=\"_blank\">kest\u00e4v\u00e4n kehityksen tavoitteisiin<\/a>\u00a0sitoutumista.\u00a0\u00a0\u00a0<\/p>\n\n\n\n<p>Yhteinen tavoitteemme on&nbsp;<span class=\"has-inline-color has-nv-c-1-color\"><strong>puhdas ilma ja turvallinen ilmasto<\/strong>.<\/span>&nbsp;&nbsp;<\/p>\n\n\n\n<p><strong>Lippulaiva kokoaa toimijat yhteen<\/strong><\/p>\n\n\n\n<p>ACCC on Suomen akatemian<a href=\"https:\/\/www.aka.fi\/tutkimusrahoitus\/ohjelmat-ja-muut-rahoitusmuodot\/lippulaivaohjelma\/\"> Lippulaivaohjelm<\/a><a rel=\"noreferrer noopener\" href=\"https:\/\/www.aka.fi\/tutkimusrahoitus\/ohjelmat-ja-muut-rahoitusmuodot\/lippulaivaohjelma\/\" target=\"_blank\">a.<\/a> Lippulaivoissa tehd\u00e4\u00e4n korkeatasoista tutkimusta ja tuetaan samalla\u00a0tutkimuksesta\u00a0kumpuavaa taloudellista ja yhteiskunnallista vaikuttavuutta. ACCC toteutetaan Helsingin yliopiston, Ilmatieteenlaitoksen, It\u00e4-Suomen yliopiston ja Tampereen yliopiston\u00a0yhteisty\u00f6n\u00e4.\u00a0<\/p>\n\n\n\n<p>Mik\u00e4li olet kiinnostunut yhteisty\u00f6st\u00e4 ACCC:n kanssa tai sinulla on kysytt\u00e4v\u00e4\u00e4 toimintaamme liittyen, <a href=\"https:\/\/www.acccflagship.fi\/index.php\/fi\/yhteystiedot\/\" target=\"_blank\" rel=\"noreferrer noopener\">ole meihin yhteydess\u00e4<\/a>!  <\/p>\n\n\n\n<p>Lue lis\u00e4\u00e4\u00a0ACCC:sta my\u00f6s\u00a0<a rel=\"noreferrer noopener\" href=\"https:\/\/www.acccflagship.fi\/\" target=\"_blank\">englanninkielisilt\u00e4 nettisivuiltamme<\/a>.\u00a0<\/p>\n<\/div>\n\n\n\n<div class=\"wp-block-column is-layout-flow wp-block-column-is-layout-flow\" style=\"flex-basis:33.33%\">\n\n\n<p><\/p>\n<\/div>\n<\/div>\n\n\n\n<figure class=\"wp-block-gallery columns-0 is-cropped wp-block-gallery-1 is-layout-flex wp-block-gallery-is-layout-flex\"><ul class=\"blocks-gallery-grid\"><\/ul><\/figure>\n\n\n\n<p><\/p>\n","protected":false},"excerpt":{"rendered":"<p>Tavoitteena puhdas ilma ja turvallinen ilmasto ACCC kehitt\u00e4\u00e4 tieteelliseen ymm\u00e4rrykseen perustuvia k\u00e4yt\u00e4nn\u00f6n ratkaisuja ilmastonmuutoksen torjumiseen \u00a0 Ilmakeh\u00e4n ja ilmaston osaamiskeskus ACCC (Atmosphere\u00a0and\u00a0Climate\u00a0Competence\u00a0Center) on huippututkimuksen keskittym\u00e4, jonka tavoitteena on lis\u00e4t\u00e4\u00a0ymm\u00e4rryst\u00e4 ilmastonmuutoksesta sek\u00e4 ilmanlaadun heikkenemisest\u00e4. N\u00e4ihin maailmanlaajuisiin haasteisiin vastaaminen on t\u00e4rke\u00e4\u00e4, jotta pystymme tukemaan Suomen, Euroopan\u00a0Unionin ja kansainv\u00e4lisen yhteis\u00f6n hiilineutraaliustavoitteita\u00a0sek\u00e4\u00a0hillitsem\u00e4\u00e4n ilmansaasteiden syntymist\u00e4 ja yll\u00e4pit\u00e4m\u00e4\u00e4n ilmakeh\u00e4n puhtautta. ACCC [&hellip;]<\/p>\n","protected":false},"author":1,"featured_media":0,"parent":0,"menu_order":0,"comment_status":"closed","ping_status":"closed","template":"","meta":{"site-sidebar-layout":"default","site-content-layout":"","ast-site-content-layout":"default","site-content-style":"default","site-sidebar-style":"default","ast-global-header-display":"","ast-banner-title-visibility":"","ast-main-header-display":"","ast-hfb-above-header-display":"","ast-hfb-below-header-display":"","ast-hfb-mobile-header-display":"","site-post-title":"","ast-breadcrumbs-content":"","ast-featured-img":"","footer-sml-layout":"","ast-disable-related-posts":"","theme-transparent-header-meta":"","adv-header-id-meta":"","stick-header-meta":"","header-above-stick-meta":"","header-main-stick-meta":"","header-below-stick-meta":"","astra-migrate-meta-layouts":"default","ast-page-background-enabled":"default","ast-page-background-meta":{"desktop":{"background-color":"var(--ast-global-color-4)","background-image":"","background-repeat":"repeat","background-position":"center center","background-size":"auto","background-attachment":"scroll","background-type":"","background-media":"","overlay-type":"","overlay-color":"","overlay-opacity":"","overlay-gradient":""},"tablet":{"background-color":"","background-image":"","background-repeat":"repeat","background-position":"center center","background-size":"auto","background-attachment":"scroll","background-type":"","background-media":"","overlay-type":"","overlay-color":"","overlay-opacity":"","overlay-gradient":""},"mobile":{"background-color":"","background-image":"","background-repeat":"repeat","background-position":"center center","background-size":"auto","background-attachment":"scroll","background-type":"","background-media":"","overlay-type":"","overlay-color":"","overlay-opacity":"","overlay-gradient":""}},"ast-content-background-meta":{"desktop":{"background-color":"var(--ast-global-color-5)","background-image":"","background-repeat":"repeat","background-position":"center center","background-size":"auto","background-attachment":"scroll","background-type":"","background-media":"","overlay-type":"","overlay-color":"","overlay-opacity":"","overlay-gradient":""},"tablet":{"background-color":"var(--ast-global-color-5)","background-image":"","background-repeat":"repeat","background-position":"center center","background-size":"auto","background-attachment":"scroll","background-type":"","background-media":"","overlay-type":"","overlay-color":"","overlay-opacity":"","overlay-gradient":""},"mobile":{"background-color":"var(--ast-global-color-5)","background-image":"","background-repeat":"repeat","background-position":"center center","background-size":"auto","background-attachment":"scroll","background-type":"","background-media":"","overlay-type":"","overlay-color":"","overlay-opacity":"","overlay-gradient":""}},"_vp_format_video_url":"","_vp_image_focal_point":[],"footnotes":""},"class_list":["post-964","page","type-page","status-publish","hentry"],"featured_image_src":null,"_links":{"self":[{"href":"https:\/\/www.acccflagship.fi\/index.php\/wp-json\/wp\/v2\/pages\/964","targetHints":{"allow":["GET"]}}],"collection":[{"href":"https:\/\/www.acccflagship.fi\/index.php\/wp-json\/wp\/v2\/pages"}],"about":[{"href":"https:\/\/www.acccflagship.fi\/index.php\/wp-json\/wp\/v2\/types\/page"}],"author":[{"embeddable":true,"href":"https:\/\/www.acccflagship.fi\/index.php\/wp-json\/wp\/v2\/users\/1"}],"replies":[{"embeddable":true,"href":"https:\/\/www.acccflagship.fi\/index.php\/wp-json\/wp\/v2\/comments?post=964"}],"version-history":[{"count":5,"href":"https:\/\/www.acccflagship.fi\/index.php\/wp-json\/wp\/v2\/pages\/964\/revisions"}],"predecessor-version":[{"id":4499,"href":"https:\/\/www.acccflagship.fi\/index.php\/wp-json\/wp\/v2\/pages\/964\/revisions\/4499"}],"wp:attachment":[{"href":"https:\/\/www.acccflagship.fi\/index.php\/wp-json\/wp\/v2\/media?parent=964"}],"curies":[{"name":"wp","href":"https:\/\/api.w.org\/{rel}","templated":true}]}}