{"id":4485,"date":"2026-01-28T15:33:35","date_gmt":"2026-01-28T12:33:35","guid":{"rendered":"https:\/\/www.acccflagship.fi\/?page_id=4485"},"modified":"2026-04-27T14:02:01","modified_gmt":"2026-04-27T11:02:01","slug":"5th-accc-impact-week-2026","status":"publish","type":"page","link":"https:\/\/www.acccflagship.fi\/index.php\/5th-accc-impact-week-2026\/","title":{"rendered":"5th ACCC Impact Week 2026"},"content":{"rendered":"\n<figure class=\"wp-block-image aligncenter size-full\"><img loading=\"lazy\" decoding=\"async\" width=\"2560\" height=\"874\" src=\"https:\/\/www.acccflagship.fi\/wp-content\/uploads\/banneri-scaled.jpg\" alt=\"\" class=\"wp-image-4506\" style=\"aspect-ratio:2.3679849133461186;object-fit:contain\" srcset=\"https:\/\/www.acccflagship.fi\/wp-content\/uploads\/banneri-scaled.jpg 2560w, https:\/\/www.acccflagship.fi\/wp-content\/uploads\/banneri-300x102.jpg 300w, https:\/\/www.acccflagship.fi\/wp-content\/uploads\/banneri-1024x350.jpg 1024w, https:\/\/www.acccflagship.fi\/wp-content\/uploads\/banneri-768x262.jpg 768w, https:\/\/www.acccflagship.fi\/wp-content\/uploads\/banneri-1536x524.jpg 1536w, https:\/\/www.acccflagship.fi\/wp-content\/uploads\/banneri-2048x699.jpg 2048w, https:\/\/www.acccflagship.fi\/wp-content\/uploads\/banneri-500x171.jpg 500w, https:\/\/www.acccflagship.fi\/wp-content\/uploads\/banneri-800x273.jpg 800w, https:\/\/www.acccflagship.fi\/wp-content\/uploads\/banneri-1280x437.jpg 1280w, https:\/\/www.acccflagship.fi\/wp-content\/uploads\/banneri-1920x656.jpg 1920w\" sizes=\"auto, (max-width: 2560px) 100vw, 2560px\" \/><\/figure>\n\n\n\n<p>The Global Challenges of Climate Change for Science and Society<\/p>\n\n\n\n<p><strong>The Atmosphere and Climate Competence Center (ACCC)&nbsp;organizes&nbsp;&#8220;ACCC Impact Week 2026&#8221; on 14\u201317 April at the Sofia Cultural Centre in Vuosaari, Helsinki.<\/strong><br><strong>address: Kallvikinniementie 35 00980 Helsinki<\/strong><\/p>\n\n\n\n<p>We invite researchers, companies, non-governmental organizations, decision-makers, education professionals, experts in research infrastructures, as well as ACCC members to join discussions on pathways to climate neutrality. This year\u2019s theme focuses on the challenges of climate change from the perspectives of civil society, decision-makers, and the necessary funding.<\/p>\n\n\n\n<p>The aim of the event is to further develop existing and new forms of collaboration with ACCC\u2019s key stakeholders. We will work together to develop practical solutions and reliable roadmaps toward carbon neutrality, a safe climate, and clean air.<\/p>\n\n\n\n<ul class=\"wp-block-list\">\n<li>We will present ACCC\u2019s latest research results related to interactions between the biosphere and the atmosphere, with a particular focus on carbon sinks and carbon stocks in forests, peatlands, agricultural lands, and urban environments, as well as urban air quality.<\/li>\n\n\n\n<li>We will discuss carbon sink monitoring systems and sustainable land use and hear from leading experts in the field.<\/li>\n\n\n\n<li>We will discuss climate expertise, societal impact, and policy measures to combat climate change.<\/li>\n\n\n\n<li><strong>This year, we are honored to welcome the Climate Theatre to perform for us on Tuesday and Wednesday!<\/strong> The program includes a unique and thought-provoking performance, with dinner served during the intermission. In the second half, well-known panelists such as Mari Pantsar, Saara Kankaanrinta and Risto Isom\u00e4ki will also join the discussion. (Note: different panelists each night)<\/li>\n<\/ul>\n\n\n\n<p>Please see more detailed session descriptions from the <a href=\"https:\/\/www.acccflagship.fi\/wp-content\/uploads\/IMPACT-WEEK-2026.pdf\">Impact Week 2026 flyer.<\/a> (Updated 13.4.2026 at 8.00. If you see an old version of the file, please clear your browser cache.)<\/p>\n\n\n\n<p>Sessions are held in the same language as their titles, some in Finnish, some in English. We will arrange bus transportation after the theater on Tuesday and Wednesday to Rastila metro station and Helsinki Central Railway Station. If you wish, you may also stay overnight at Sofia at your own expense. Please sign up latest on 7.4.2026<\/p>\n\n\n\n<p><strong>Practical information<\/strong><br>To Sofia by car: there are free parking spaces.<br><br>By public transport: Kulttuurikeskus Sofia is easily accessible by metro to either Rastila or Vuosaari. From both Rastila and Vuosaari, it is approximately a 2 km walk to Sofia. Bus 560 also operates between the Rastila and Vuosaari stations; you can take it to the Kallvikinniemi stop and then walk about 1.2 km to Sofia. On weekdays, bus 816 runs from Vuosaari directly to Sofia\u2019s main entrance. Please be sure to check the schedules in the HSL route planner.<br><br><a href=\"https:\/\/www.acccflagship.fi\/wp-content\/uploads\/Sofian-aluekartta_3_2024_FinEng.pdf\">Sofia rooms map<\/a><\/p>\n\n\n\n<p>Registration: <a href=\"https:\/\/elomake.helsinki.fi\/lomakkeet\/138870\/lomake.html\">https:\/\/elomake.helsinki.fi\/lomakkeet\/138870\/lomake.html<\/a><br>Note; Registration dl 7th April<\/p>\n\n\n\n<p><a href=\"https:\/\/www.acccflagship.fi\/wp-content\/uploads\/IMPACT-WEEK-2026.pdf\">ACCC Impact Week 2026 flyer<\/a> (Updated 13.4.2026 at 8.00. If you see an old version of the file, please clear your browser cache.)<\/p>\n\n\n\n<p><strong>Cultural Centre and Conference Hotel Sofia: <\/strong><a href=\"https:\/\/www.sofia.fi\/\">https:\/\/www.sofia.fi\/<\/a><\/p>\n\n\n\n<p><strong>For questions and comments, contact <\/strong><a href=\"mailto:acccflagship@helsinki.fi\">acccflagship@helsinki.fi<\/a><\/p>\n\n\n\n<p><strong>Welcome!<\/strong><\/p>\n\n\n\n<p>(Updated 13.4.2026 at 8.00. If you see an old version of the file, please clear your browser cache.)<\/p>\n\n\n\n<div data-wp-interactive=\"core\/file\" class=\"wp-block-file\"><object data-wp-bind--hidden=\"!state.hasPdfPreview\" hidden class=\"wp-block-file__embed\" data=\"https:\/\/www.acccflagship.fi\/wp-content\/uploads\/IMPACT-WEEK-2026.pdf\" type=\"application\/pdf\" style=\"width:100%;height:400px\" aria-label=\"Embed of IMPACT WEEK-2026.\"><\/object><a id=\"wp-block-file--media-46d57446-b1f3-4010-88ea-de43b625dde2\" href=\"https:\/\/www.acccflagship.fi\/wp-content\/uploads\/IMPACT-WEEK-2026.pdf\">IMPACT WEEK-2026<\/a><a href=\"https:\/\/www.acccflagship.fi\/wp-content\/uploads\/IMPACT-WEEK-2026.pdf\" class=\"wp-block-file__button wp-element-button\" download aria-describedby=\"wp-block-file--media-46d57446-b1f3-4010-88ea-de43b625dde2\">Download<\/a><\/div>\n\n\n\n<p>The event is organized by the constituting organizations of ACCC: Institute for Atmospheric and Earth System Research (INAR)\/University of Helsinki, Finnish Meteorological Institute, Tampere University and University of Eastern Finland.<\/p>\n\n\n\n<p><strong>TENTATIVE AGENDA<\/strong><\/p>\n\n\n\n<p>TUESDAY Apr 14, 2026&nbsp; &nbsp;<\/p>\n\n\n\n<p>08:45\u2002\u2002\u2002\u2002\u2002\u2002\u2002\u2002Breakfast<\/p>\n\n\n\n<p>09:15\u2002\u2002\u2002\u2002\u2002\u2002\u2002\u2002Plenary: kansalaisaktivisti ja tieteiskirjailija Risto Isom\u00e4ki<\/p>\n\n\n\n<p>10:10\u2002\u2002\u2002\u2002\u2002\u2002\u2002\u2002Coffee break<\/p>\n\n\n\n<p>10:30\u2002\u2002\u2002\u2002\u2002\u2002\u2002\u2002PEEX<\/p>\n\n\n\n<p>&nbsp; &nbsp; &nbsp; &nbsp; &nbsp; \u2002\u2002\u2002\u2002\u2002\u2002\u2002\u2002Ilmasto-osaaminen k\u00e4yt\u00e4nt\u00f6\u00f6n<\/p>\n\n\n\n<p>12:00\u2002\u2002\u2002\u2002\u2002\u2002\u2002\u2002Lunch&nbsp;<\/p>\n\n\n\n<p>13:00\u2002\u2002\u2002\u2002\u2002\u2002\u2002\u2002PEEX<\/p>\n\n\n\n<p>&nbsp; &nbsp; &nbsp; &nbsp; &nbsp; \u2002\u2002\u2002\u2002\u2002\u2002\u2002\u2002Ilmasto-osaaminen k\u00e4yt\u00e4nt\u00f6\u00f6n<\/p>\n\n\n\n<p>&nbsp; &nbsp; &nbsp; &nbsp; &nbsp; \u2002\u2002\u2002\u2002\u2002\u2002\u2002\u2002Social Impact in a World on Fire seminar<\/p>\n\n\n\n<p>&nbsp; &nbsp; &nbsp; &nbsp; &nbsp; \u2002\u2002\u2002\u2002\u2002\u2002\u2002\u2002Oceans &amp; Climate Change Stream<\/p>\n\n\n\n<p>14:00\u2002\u2002\u2002\u2002\u2002\u2002\u2002\u2002Ilmasto-osaaminen k\u00e4yt\u00e4nt\u00f6\u00f6n<\/p>\n\n\n\n<p>&nbsp; &nbsp; &nbsp; &nbsp; &nbsp; \u2002\u2002\u2002\u2002\u2002\u2002\u2002\u2002Social Impact in a World on Fire seminar<\/p>\n\n\n\n<p>\u2002&nbsp; &nbsp; &nbsp; &nbsp; \u2002\u2002\u2002\u2002\u2002\u2002\u2002\u2002Oceans &amp; Climate Change Stream<\/p>\n\n\n\n<p>15:00\u2002\u2002\u2002\u2002\u2002\u2002\u2002\u2002Coffee break<\/p>\n\n\n\n<p>15:20\u2002\u2002\u2002\u2002\u2002\u2002\u2002\u2002Oceans &amp; Climate Change Stream<\/p>\n\n\n\n<p>&nbsp;\u2002&nbsp; &nbsp; &nbsp; &nbsp;\u2002\u2002\u2002\u2002\u2002\u2002\u2002\u2002Opportunities of distance learning in Africa-Europe collaboration<\/p>\n\n\n\n<p>&nbsp; &nbsp; &nbsp; &nbsp; &nbsp; \u2002\u2002\u2002\u2002\u2002\u2002\u2002\u2002Vakuutusala ja ilmastonmuutos&nbsp;<\/p>\n\n\n\n<p>\u2002\u2002\u2002\u2002 \u2002\u2002\u2002\u2002\u2002\u2002\u2002\u2002Oceans &amp; Climate Change Stream<\/p>\n\n\n\n<p>16:00\u2002\u2002\u2002\u2002\u2002\u2002\u2002\u2002Opportunities of distance learning in Africa-Europe collaboration<\/p>\n\n\n\n<p>&nbsp; &nbsp; &nbsp; &nbsp; &nbsp; &nbsp;\u2002\u2002\u2002\u2002\u2002\u2002\u2002\u2002Vakuutusala ja ilmastonmuutos&nbsp;<\/p>\n\n\n\n<p>&nbsp; &nbsp; &nbsp; &nbsp; &nbsp; \u2002\u2002\u2002\u2002\u2002\u2002\u2002\u2002Social Impact in a World on Fire workshop<\/p>\n\n\n\n<p>&nbsp; &nbsp; &nbsp; &nbsp; &nbsp; &nbsp;\u2002\u2002\u2002\u2002\u2002\u2002\u2002\u2002Art &amp; Science<\/p>\n\n\n\n<p>17:00\u2002\u2002\u2002\u2002\u2002\u2002\u2002\u2002Ilmastoteatteri &amp; Dinner&nbsp;<\/p>\n\n\n\n<p>\u2002\u2002\u2002\u2002\u2002\u2002\u2002\u2002\u2002\u2002\u2002&nbsp; &nbsp;<\/p>\n\n\n\n<p>WEDNESDAY Apr 15, 2026<\/p>\n\n\n\n<p>08:45\u2002\u2002\u2002\u2002\u2002\u2002\u2002\u2002Breakfast<\/p>\n\n\n\n<p>09:15\u2002\u2002\u2002\u2002\u2002\u2002\u2002\u2002Plenary: ACCC:n johtaja, akateemikko Markku Kulmala<\/p>\n\n\n\n<p>10:10\u2002\u2002\u2002\u2002\u2002\u2002\u2002\u2002Coffee break<\/p>\n\n\n\n<p>10:30\u2002\u2002\u2002\u2002\u2002\u2002\u2002\u2002Miten luodaan arvoa kulttuurille, puhtaalle ja hyvinvoivalle luonnolle ja turvallisemmalle ilmastolle?<\/p>\n\n\n\n<p>\u2002\u2002\u2002\u2002 \u2002\u2002\u2002\u2002\u2002\u2002\u2002\u2002Kansalliset lippulaivat tulevaisuus ja vaikuttavuus<\/p>\n\n\n\n<p>12:00\u2002\u2002\u2002\u2002\u2002\u2002\u2002\u2002Lunch<\/p>\n\n\n\n<p>13:00\u2002\u2002\u2002\u2002\u2002\u2002\u2002\u2002Miten luodaan arvoa kulttuurille, puhtaalle ja hyvinvoivalle luonnolle ja turvallisemmalle ilmastolle? Workshop<\/p>\n\n\n\n<p>\u2002\u2002\u2002\u2002 \u2002\u2002\u2002\u2002\u2002\u2002\u2002\u2002Sofia Earth Forum<\/p>\n\n\n\n<p>&nbsp; &nbsp; &nbsp; &nbsp; &nbsp; \u2002\u2002\u2002\u2002\u2002\u2002\u2002\u2002Kaupunkiluonto ilmastokest\u00e4vien kaupunkien voimavarana<\/p>\n\n\n\n<p>                        Kansalliset lippulaivat tulevaisuus ja vaikuttavuus<\/p>\n\n\n\n<p>14:00\u2002\u2002\u2002\u2002\u2002\u2002\u2002\u2002Kaupunkien ilmastoty\u00f6 nyt ja tulevaisuudessa<\/p>\n\n\n\n<p>15:00\u2002\u2002\u2002\u2002\u2002\u2002\u2002\u2002Coffee break<\/p>\n\n\n\n<p>15:20\u2002\u2002\u2002\u2002\u2002\u2002\u2002\u2002Sofia Earth Forum<\/p>\n\n\n\n<p>\u2002\u2002\u2002\u2002 \u2002\u2002\u2002\u2002\u2002\u2002\u2002\u2002Kaupunkien ilmastoty\u00f6 nyt ja tulevaisuudessa<\/p>\n\n\n\n<p>\u2002\u2002\u2002\u2002 \u2002\u2002\u2002\u2002\u2002\u2002\u2002\u2002From Extreme Weather Phenomena to Impacts with AI<\/p>\n\n\n\n<p>                       Ilmastomuutoksen torjunnan politiikkatoimien vaikuttavuus ja tehokkuus<\/p>\n\n\n\n<p>16:00\u2002\u2002\u2002\u2002\u2002\u2002\u2002\u2002Sofia Earth Forum<\/p>\n\n\n\n<p>\u2002\u2002\u2002\u2002 \u2002\u2002\u2002\u2002\u2002\u2002\u2002\u2002Climate Law<\/p>\n\n\n\n<p>                       Ilmastomuutoksen torjunnan politiikkatoimien vaikuttavuus ja tehokkuus<\/p>\n\n\n\n<p>17:00\u2002\u2002\u2002\u2002\u2002\u2002\u2002\u2002Ilmastoteatteri &amp; Illallinen<\/p>\n\n\n\n<p>THURSDAY Apr 16, 2026<\/p>\n\n\n\n<p>08:45\u2002\u2002\u2002\u2002\u2002\u2002\u2002\u2002Breakfast<\/p>\n\n\n\n<p>09:15\u2002\u2002\u2002\u2002\u2002\u2002\u2002\u2002Plenary: Ministeri Sari Multala, &nbsp;Christian Holzleitner &amp; Tuomo Kalliokoski<\/p>\n\n\n\n<p>10:10\u2002\u2002\u2002\u2002\u2002\u2002\u2002\u2002Coffee break<\/p>\n\n\n\n<p>10:30\u2002\u2002\u2002\u2002\u2002\u2002\u2002\u2002Holistic infrastructure for knowledge on land-use sector carbon sinks and emissions tracking (HIKET) Session 1<\/p>\n\n\n\n<p>\u2002\u2002&nbsp; &nbsp; &nbsp; \u2002\u2002\u2002\u2002\u2002\u2002\u2002\u2002Brownification of inland waters<\/p>\n\n\n\n<p>12:00\u2002\u2002\u2002\u2002\u2002\u2002\u2002\u2002Lunch<\/p>\n\n\n\n<p>13:00\u2002\u2002\u2002\u2002\u2002\u2002\u2002\u2002HIKET session 2:&nbsp; Improving the incentives<\/p>\n\n\n\n<p>\u2002\u2002\u2002\u2002 \u2002\u2002\u2002\u2002\u2002\u2002\u2002\u2002REALCHEM<\/p>\n\n\n\n<p>\u2002\u2002\u2002\u2002\u2002\u2002&nbsp;&nbsp;<\/p>\n\n\n\n<p>14:00\u2002\u2002\u2002\u2002\u2002\u2002\u2002\u2002REALCHEM<\/p>\n\n\n\n<p>\u2002\u2002\u2002\u2002&nbsp; \u2002\u2002\u2002\u2002\u2002\u2002\u2002\u2002Kohti ilmastopositiivista maank\u00e4ytt\u00f6\u00e4: CarbonSink+<\/p>\n\n\n\n<p>15:00\u2002\u2002\u2002\u2002\u2002\u2002\u2002\u2002Coffee break<\/p>\n\n\n\n<p>15:20\u2002\u2002\u2002\u2002\u2002\u2002\u2002\u2002Kohti ilmastopositiivista maank\u00e4ytt\u00f6\u00e4: CarbonSink+<\/p>\n\n\n\n<p>\u2002\u2002\u2002\u2002 \u2002\u2002\u2002\u2002\u2002\u2002\u2002\u2002Future Earth Suomi<\/p>\n\n\n\n<p>17:00\u2002\u2002\u2002\u2002\u2002\u2002\u2002\u2002Illallinen ja esitys &#8220;Ilmastonmuutos ja muut megatrendit ja niiden vaikutus tulevaisuuteemme&#8221;<\/p>\n\n\n\n<p>FRIDAY Apr 17, 2026<\/p>\n\n\n\n<p>08:45\u2002\u2002\u2002\u2002\u2002\u2002\u2002\u2002Breakfast<\/p>\n\n\n\n<p>09:15\u2002\u2002\u2002\u2002\u2002\u2002\u2002\u2002Plenary: Paneelikeskustelu &#8211; Ilmasto- ja energiaratkaisuiden tulevaisuus<\/p>\n\n\n\n<p>10:10\u2002\u2002\u2002\u2002\u2002\u2002\u2002\u2002Coffee break<\/p>\n\n\n\n<p>10:30\u2002\u2002\u2002\u2002\u2002\u2002\u2002\u2002Ilmasto, ymp\u00e4rist\u00f6 ja arktinen ulottuvuus<\/p>\n\n\n\n<p>12:00\u2002\u2002\u2002\u2002\u2002\u2002\u2002\u2002Lunch<\/p>\n\n\n\n<p>13:00\u2002\u2002\u2002\u2002\u2002\u2002\u2002\u2002Tutkimusinfrastruktuurit ja -verkostot kest\u00e4v\u00e4n maank\u00e4yt\u00f6n suunnittelun tukena\u2002\u2002\u2002\u2002\u2002\u2002\u2002\u2002\u2002\u2002\u2002\u2002\u2002\u2002\u2002<\/p>\n\n\n\n<p>15:00\u2002\u2002\u2002\u2002\u2002\u2002\u2002\u2002Coffee&nbsp;<\/p>\n\n\n\n<p><\/p>\n\n\n\n<p><\/p>\n\n\n\n<h2 class=\"wp-block-heading\">Session PDFs<\/h2>\n\n\n\n<p><strong>14.4.2026<\/strong><\/p>\n\n\n\n<p><a href=\"https:\/\/www.acccflagship.fi\/wp-content\/uploads\/Risto_Isomaki_-ACCC_Impact_Week_Presentation_14042026.pdf\">Risto Isom\u00e4ki&#8217;s Impact Week Presentation <\/a> <\/p>\n\n\n\n<p><\/p>\n","protected":false},"excerpt":{"rendered":"<p>The Global Challenges of Climate Change for Science and Society The Atmosphere and Climate Competence Center (ACCC)&nbsp;organizes&nbsp;&#8220;ACCC Impact Week 2026&#8221; on 14\u201317 April at the Sofia Cultural Centre in Vuosaari, Helsinki.address: Kallvikinniementie 35 00980 Helsinki We invite researchers, companies, non-governmental organizations, decision-makers, education professionals, experts in research infrastructures, as well as ACCC members to join [&hellip;]<\/p>\n","protected":false},"author":1,"featured_media":0,"parent":0,"menu_order":0,"comment_status":"closed","ping_status":"closed","template":"","meta":{"site-sidebar-layout":"default","site-content-layout":"","ast-site-content-layout":"default","site-content-style":"default","site-sidebar-style":"default","ast-global-header-display":"","ast-banner-title-visibility":"","ast-main-header-display":"","ast-hfb-above-header-display":"","ast-hfb-below-header-display":"","ast-hfb-mobile-header-display":"","site-post-title":"","ast-breadcrumbs-content":"","ast-featured-img":"","footer-sml-layout":"","ast-disable-related-posts":"","theme-transparent-header-meta":"","adv-header-id-meta":"","stick-header-meta":"","header-above-stick-meta":"","header-main-stick-meta":"","header-below-stick-meta":"","astra-migrate-meta-layouts":"set","ast-page-background-enabled":"default","ast-page-background-meta":{"desktop":{"background-color":"var(--ast-global-color-4)","background-image":"","background-repeat":"repeat","background-position":"center center","background-size":"auto","background-attachment":"scroll","background-type":"","background-media":"","overlay-type":"","overlay-color":"","overlay-opacity":"","overlay-gradient":""},"tablet":{"background-color":"","background-image":"","background-repeat":"repeat","background-position":"center center","background-size":"auto","background-attachment":"scroll","background-type":"","background-media":"","overlay-type":"","overlay-color":"","overlay-opacity":"","overlay-gradient":""},"mobile":{"background-color":"","background-image":"","background-repeat":"repeat","background-position":"center center","background-size":"auto","background-attachment":"scroll","background-type":"","background-media":"","overlay-type":"","overlay-color":"","overlay-opacity":"","overlay-gradient":""}},"ast-content-background-meta":{"desktop":{"background-color":"var(--ast-global-color-5)","background-image":"","background-repeat":"repeat","background-position":"center center","background-size":"auto","background-attachment":"scroll","background-type":"","background-media":"","overlay-type":"","overlay-color":"","overlay-opacity":"","overlay-gradient":""},"tablet":{"background-color":"var(--ast-global-color-5)","background-image":"","background-repeat":"repeat","background-position":"center center","background-size":"auto","background-attachment":"scroll","background-type":"","background-media":"","overlay-type":"","overlay-color":"","overlay-opacity":"","overlay-gradient":""},"mobile":{"background-color":"var(--ast-global-color-5)","background-image":"","background-repeat":"repeat","background-position":"center center","background-size":"auto","background-attachment":"scroll","background-type":"","background-media":"","overlay-type":"","overlay-color":"","overlay-opacity":"","overlay-gradient":""}},"_vp_format_video_url":"","_vp_image_focal_point":[],"footnotes":""},"class_list":["post-4485","page","type-page","status-publish","hentry"],"featured_image_src":null,"_links":{"self":[{"href":"https:\/\/www.acccflagship.fi\/index.php\/wp-json\/wp\/v2\/pages\/4485","targetHints":{"allow":["GET"]}}],"collection":[{"href":"https:\/\/www.acccflagship.fi\/index.php\/wp-json\/wp\/v2\/pages"}],"about":[{"href":"https:\/\/www.acccflagship.fi\/index.php\/wp-json\/wp\/v2\/types\/page"}],"author":[{"embeddable":true,"href":"https:\/\/www.acccflagship.fi\/index.php\/wp-json\/wp\/v2\/users\/1"}],"replies":[{"embeddable":true,"href":"https:\/\/www.acccflagship.fi\/index.php\/wp-json\/wp\/v2\/comments?post=4485"}],"version-history":[{"count":26,"href":"https:\/\/www.acccflagship.fi\/index.php\/wp-json\/wp\/v2\/pages\/4485\/revisions"}],"predecessor-version":[{"id":4714,"href":"https:\/\/www.acccflagship.fi\/index.php\/wp-json\/wp\/v2\/pages\/4485\/revisions\/4714"}],"wp:attachment":[{"href":"https:\/\/www.acccflagship.fi\/index.php\/wp-json\/wp\/v2\/media?parent=4485"}],"curies":[{"name":"wp","href":"https:\/\/api.w.org\/{rel}","templated":true}]}}