{"id":4024,"date":"2025-08-25T09:41:33","date_gmt":"2025-08-25T06:41:33","guid":{"rendered":"https:\/\/www.acccflagship.fi\/?page_id=4024"},"modified":"2025-11-10T15:12:27","modified_gmt":"2025-11-10T12:12:27","slug":"accc-fasn-science-conference-2025","status":"publish","type":"page","link":"https:\/\/www.acccflagship.fi\/index.php\/accc-fasn-science-conference-2025\/","title":{"rendered":"ACCC-FASN Science Conference 2025"},"content":{"rendered":"\n<p>The annual ACCC-FASN science conference 2025 will take place in Kumpula, Helsinki on the 10-12 Nov 2025.&nbsp;<br>Registration and abstract submission are open from the 1st of September till the 30th of September.&nbsp;<\/p>\n\n\n\n<p>The Atmosphere and Climate Competence Centre (<a href=\"https:\/\/www.acccflagship.fi\/\">ACCC<\/a>) &amp; Finnish Atmospheric Science Network (FASN) Science Conference is a meeting aiming to increase interaction and collaboration across different ACCC research groups in Finland working on climate, air quality and related topics.<\/p>\n\n\n\n<hr class=\"wp-block-separator has-alpha-channel-opacity\"\/>\n\n\n\n<h2 class=\"wp-block-heading\"><a href=\"https:\/\/www.acccflagship.fi\/index.php\/accc-fasn-2025-program\/\">Programme<\/a><\/h2>\n\n\n\n<div data-wp-interactive=\"core\/file\" class=\"wp-block-file\"><object data-wp-bind--hidden=\"!state.hasPdfPreview\" hidden class=\"wp-block-file__embed\" data=\"https:\/\/www.acccflagship.fi\/wp-content\/uploads\/Programme_ACCC_FASN_2025-1.pdf\" type=\"application\/pdf\" style=\"width:100%;height:500px\" aria-label=\"Embed of Programme_ACCC_FASN_2025.\"><\/object><a id=\"wp-block-file--media-932ca1a6-5de1-4ee2-8163-9ce9906ca727\" href=\"https:\/\/www.acccflagship.fi\/wp-content\/uploads\/Programme_ACCC_FASN_2025-1.pdf\">Programme_ACCC_FASN_2025<\/a><a href=\"https:\/\/www.acccflagship.fi\/wp-content\/uploads\/Programme_ACCC_FASN_2025-1.pdf\" class=\"wp-block-file__button wp-element-button\" download aria-describedby=\"wp-block-file--media-932ca1a6-5de1-4ee2-8163-9ce9906ca727\">Download<\/a><\/div>\n\n\n\n<h2 class=\"wp-block-heading\"><a href=\"https:\/\/www.acccflagship.fi\/index.php\/accc-fasn-2025-plenary-speakers\/\">Plenary speakers<\/a><\/h2>\n\n\n\n<h2 class=\"wp-block-heading\">Registration and Abstracts<\/h2>\n\n\n\n<p><strong>Registration closed.<\/strong><\/p>\n\n\n\n<p style=\"font-size:20px\"><a href=\"https:\/\/www.acccflagship.fi\/wp-content\/uploads\/ACCC2025_abstract_book-compressed.pdf\">Abstract book<\/a><\/p>\n\n\n\n<p>The abstract must follow the updated <a href=\"https:\/\/www.faar.fi\/report-series\/\">FAAR template<\/a>.<\/p>\n\n\n\n<ul class=\"wp-block-list\">\n<li>The length of the abstracts is <strong>1-2 pages<\/strong><\/li>\n\n\n\n<li>Abstract content includes: Introduction, methods, results and conclusions with references.<\/li>\n\n\n\n<li>The abstract must be submitted as a pdf-file<\/li>\n\n\n\n<li>The pdf-file must be named as \u201clastname_firstname_abstract.pdf\u201d without any special characters<\/li>\n<\/ul>\n\n\n\n<h2 class=\"wp-block-heading\">Posters and Contributed Oral Presentations<\/h2>\n\n\n\n<p>Poster presentations take place in Dynamicum, FMI building.<\/p>\n\n\n\n<p>The first poster presentation session will be on Monday 10th of November at 17:30.<br>Posters can be hanged up from 15:30 on Monday.<br>Please have posters from poster session 1 down by 13:00 on Tuesday.<\/p>\n\n\n\n<p>The second poster presentation session will be on Tuesday 11th of November at 15:10<br>Posters can be hanged up from 13:00 on Tuesday.<br>Please have posters from poster session 2 down by 17:00 on Tuesday.<\/p>\n\n\n\n<p>The allocations of the poster sessions can be seen under the following link <a href=\"https:\/\/www.acccflagship.fi\/wp-content\/uploads\/Poster-presentation-allocations_Mon_Tue.pdf\">here<\/a>.<\/p>\n\n\n\n<p>Oral presentations take place in A111 in Exactum at University of Helsinki, Kumpula.<br>Length of oral presentations are maximum 10 minutes and 3 minutes allocated for questions.<br>The time slots for each oral presentation can be seen in the full programme.<\/p>\n\n\n\n<hr class=\"wp-block-separator has-alpha-channel-opacity\"\/>\n\n\n\n<h2 class=\"wp-block-heading\"><a href=\"https:\/\/www.acccflagship.fi\/index.php\/accc-fasn-2025-organising-team\/\">ACCC-FASN Science Conference Organising Team<\/a><\/h2>\n\n\n\n<p>Eyr\u00fan Gy\u00f0a Gunnlaugsd\u00f3ttir (UH; Chair)&nbsp;<br>Ali Kooh Andaz (TAU)&nbsp;<br>Neha Deot (UH)&nbsp;<br>Marta Fregona (UH)&nbsp;<br>Kasper Juurikkala (FMI)&nbsp;<br>Outi Kinnunen (FMI)&nbsp;<br>Ilona Kivim\u00e4ki (UH)&nbsp;<br>Delun Li (FMI)&nbsp;<br>Anna Lintunen (UH)&nbsp;<br>Iida Pullinen (UEF)&nbsp;<br>Abdur Rahman (UH)&nbsp;<br>Tero Siili (FMI)&nbsp;<br>Mianzhi Wang (UH)&nbsp;<br>Ilona Ylivinkka (UH)&nbsp;<\/p>\n\n\n\n<hr class=\"wp-block-separator has-alpha-channel-opacity\"\/>\n\n\n\n<h2 class=\"wp-block-heading\">Contact us<\/h2>\n\n\n\n<p>In case you have any questions, feel free to contact us!<br>Primary point-of-contact: Eyr\u00fan Gy\u00f0a Gunnlaugsd\u00f3ttir <a href=\"mailto:eyrun.gunnlaugsdottir@helsinki.fi\">eyrun.gunnlaugsdottir@helsinki.fi<\/a><\/p>\n\n\n\n<hr class=\"wp-block-separator has-alpha-channel-opacity\"\/>\n\n\n\n<h2 class=\"wp-block-heading\">Venue<\/h2>\n\n\n\n<p><a class=\"\" href=\"https:\/\/en.ilmatieteenlaitos.fi\/how-to-find-dynamicum\">Map of Kumpula<\/a> (Finnish Meteorological Institute) <a href=\"https:\/\/www.helsinki.fi\/en\/about-us\/visit-us\/campuses\/kumpula-campus\">Kumpula Campus<\/a> (University of Helsinki)<br>Lunch at Kumpula: <a href=\"https:\/\/www.compass-group.fi\/ravintolat-ja-ruokalistat\/foodco\/kaupungit\/helsinki\/ravintola-tornado\/\">Tornado and Arktis at Dynamicum<\/a><a href=\"https:\/\/unicafe.fi\/restaurants\/chemicum\/\"> UniCafe at Chemicum<\/a><br><a href=\"https:\/\/www.hsl.fi\/en\">Helsinki regional traffic HSL<\/a><\/p>\n\n\n\n<figure class=\"wp-block-image size-large is-resized\"><img loading=\"lazy\" decoding=\"async\" width=\"1024\" height=\"576\" src=\"https:\/\/www.acccflagship.fi\/wp-content\/uploads\/kumpula-1024x576.jpg\" alt=\"\" class=\"wp-image-4215\" style=\"width:686px;height:auto\" srcset=\"https:\/\/www.acccflagship.fi\/wp-content\/uploads\/kumpula-1024x576.jpg 1024w, https:\/\/www.acccflagship.fi\/wp-content\/uploads\/kumpula-300x169.jpg 300w, https:\/\/www.acccflagship.fi\/wp-content\/uploads\/kumpula-768x432.jpg 768w, https:\/\/www.acccflagship.fi\/wp-content\/uploads\/kumpula-500x281.jpg 500w, https:\/\/www.acccflagship.fi\/wp-content\/uploads\/kumpula-800x450.jpg 800w, https:\/\/www.acccflagship.fi\/wp-content\/uploads\/kumpula.jpg 1200w\" sizes=\"auto, (max-width: 1024px) 100vw, 1024px\" \/><\/figure>\n","protected":false},"excerpt":{"rendered":"<p>The annual ACCC-FASN science conference 2025 will take place in Kumpula, Helsinki on the 10-12 Nov 2025.&nbsp;Registration and abstract submission are open from the 1st of September till the 30th of September.&nbsp; The Atmosphere and Climate Competence Centre (ACCC) &amp; Finnish Atmospheric Science Network (FASN) Science Conference is a meeting aiming to increase interaction and [&hellip;]<\/p>\n","protected":false},"author":1,"featured_media":0,"parent":0,"menu_order":0,"comment_status":"closed","ping_status":"closed","template":"","meta":{"site-sidebar-layout":"default","site-content-layout":"","ast-site-content-layout":"default","site-content-style":"default","site-sidebar-style":"default","ast-global-header-display":"","ast-banner-title-visibility":"","ast-main-header-display":"","ast-hfb-above-header-display":"","ast-hfb-below-header-display":"","ast-hfb-mobile-header-display":"","site-post-title":"","ast-breadcrumbs-content":"","ast-featured-img":"","footer-sml-layout":"","ast-disable-related-posts":"","theme-transparent-header-meta":"","adv-header-id-meta":"","stick-header-meta":"","header-above-stick-meta":"","header-main-stick-meta":"","header-below-stick-meta":"","astra-migrate-meta-layouts":"set","ast-page-background-enabled":"default","ast-page-background-meta":{"desktop":{"background-color":"var(--ast-global-color-4)","background-image":"","background-repeat":"repeat","background-position":"center center","background-size":"auto","background-attachment":"scroll","background-type":"","background-media":"","overlay-type":"","overlay-color":"","overlay-opacity":"","overlay-gradient":""},"tablet":{"background-color":"","background-image":"","background-repeat":"repeat","background-position":"center center","background-size":"auto","background-attachment":"scroll","background-type":"","background-media":"","overlay-type":"","overlay-color":"","overlay-opacity":"","overlay-gradient":""},"mobile":{"background-color":"","background-image":"","background-repeat":"repeat","background-position":"center center","background-size":"auto","background-attachment":"scroll","background-type":"","background-media":"","overlay-type":"","overlay-color":"","overlay-opacity":"","overlay-gradient":""}},"ast-content-background-meta":{"desktop":{"background-color":"var(--ast-global-color-5)","background-image":"","background-repeat":"repeat","background-position":"center center","background-size":"auto","background-attachment":"scroll","background-type":"","background-media":"","overlay-type":"","overlay-color":"","overlay-opacity":"","overlay-gradient":""},"tablet":{"background-color":"var(--ast-global-color-5)","background-image":"","background-repeat":"repeat","background-position":"center center","background-size":"auto","background-attachment":"scroll","background-type":"","background-media":"","overlay-type":"","overlay-color":"","overlay-opacity":"","overlay-gradient":""},"mobile":{"background-color":"var(--ast-global-color-5)","background-image":"","background-repeat":"repeat","background-position":"center center","background-size":"auto","background-attachment":"scroll","background-type":"","background-media":"","overlay-type":"","overlay-color":"","overlay-opacity":"","overlay-gradient":""}},"_vp_format_video_url":"","_vp_image_focal_point":[],"footnotes":""},"class_list":["post-4024","page","type-page","status-publish","hentry"],"featured_image_src":null,"_links":{"self":[{"href":"https:\/\/www.acccflagship.fi\/index.php\/wp-json\/wp\/v2\/pages\/4024","targetHints":{"allow":["GET"]}}],"collection":[{"href":"https:\/\/www.acccflagship.fi\/index.php\/wp-json\/wp\/v2\/pages"}],"about":[{"href":"https:\/\/www.acccflagship.fi\/index.php\/wp-json\/wp\/v2\/types\/page"}],"author":[{"embeddable":true,"href":"https:\/\/www.acccflagship.fi\/index.php\/wp-json\/wp\/v2\/users\/1"}],"replies":[{"embeddable":true,"href":"https:\/\/www.acccflagship.fi\/index.php\/wp-json\/wp\/v2\/comments?post=4024"}],"version-history":[{"count":30,"href":"https:\/\/www.acccflagship.fi\/index.php\/wp-json\/wp\/v2\/pages\/4024\/revisions"}],"predecessor-version":[{"id":4403,"href":"https:\/\/www.acccflagship.fi\/index.php\/wp-json\/wp\/v2\/pages\/4024\/revisions\/4403"}],"wp:attachment":[{"href":"https:\/\/www.acccflagship.fi\/index.php\/wp-json\/wp\/v2\/media?parent=4024"}],"curies":[{"name":"wp","href":"https:\/\/api.w.org\/{rel}","templated":true}]}}