{"id":3037,"date":"2023-10-27T13:55:59","date_gmt":"2023-10-27T10:55:59","guid":{"rendered":"https:\/\/www.acccflagship.fi\/?page_id=3037"},"modified":"2023-12-09T14:02:31","modified_gmt":"2023-12-09T11:02:31","slug":"cop28-dubai-accc-event","status":"publish","type":"page","link":"https:\/\/www.acccflagship.fi\/index.php\/cop28-dubai-accc-event\/","title":{"rendered":"COP28 Dubai ACCC event"},"content":{"rendered":"\n<p><strong>Welcome to meet us in Finland\u00b4s Pavillion 9th Dec!<br><\/strong> <br>How can we accelerate worldwide carbon capture and storage efforts? Join us at the world-leading Atmosphere and Climate Competence Center (ACCC) as we explore <strong>carbon capture, storage, and strive for best practices in achieving common standards.<\/strong><\/p>\n\n\n\n<p>We are a multidiscplinary group of 800 researchers and employ cutting-edge science, technology, and big data to comprehend natural carbon sinks, emissions, and air quality. Come and listen to our message, we believe the world has a lot to learn!<\/p>\n\n\n\n<div class=\"wp-block-columns is-layout-flex wp-container-core-columns-is-layout-28f84493 wp-block-columns-is-layout-flex\">\n<div class=\"wp-block-column is-layout-flow wp-block-column-is-layout-flow\" style=\"flex-basis:66.66%\">\n<p><strong>live broadcast<\/strong><\/p>\n\n\n\n<!-- <iframe loading=\"lazy\" src=\"https:\/\/businessfinland.icareus.com\/event\/192932457\/268079803\" width=\"100%\" height=\"300\" style=\"border:1px solid black;\">\n<\/iframe> -->\n\n\n\n<p><a href=\"https:\/\/businessfinland.icareus.com\/event\/192932457\/268079803\">https:\/\/businessfinland.icareus.com\/event\/192932457\/268079803<\/a><\/p>\n<\/div>\n\n\n\n<div class=\"wp-block-column is-layout-flow wp-block-column-is-layout-flow\" style=\"flex-basis:33.33%\"><\/div>\n<\/div>\n\n\n\n<h2 class=\"wp-block-heading\">Keynote speakers and panelists<\/h2>\n\n\n\n<div class=\"wp-block-columns is-layout-flex wp-container-core-columns-is-layout-28f84493 wp-block-columns-is-layout-flex\">\n<div class=\"wp-block-column is-layout-flow wp-block-column-is-layout-flow\">\n<div class=\"wp-block-columns is-layout-flex wp-container-core-columns-is-layout-28f84493 wp-block-columns-is-layout-flex\">\n<div class=\"wp-block-column is-layout-flow wp-block-column-is-layout-flow\">\n<figure class=\"wp-block-image size-thumbnail is-style-rounded\"><img loading=\"lazy\" decoding=\"async\" width=\"150\" height=\"150\" src=\"https:\/\/www.acccflagship.fi\/wp-content\/uploads\/Kai-Mykkanen_-kasvokuva-150x150.jpg\" alt=\"\" class=\"wp-image-3107\"\/><\/figure>\n\n\n\n<p><strong>Kai Mykk\u00e4nen<\/strong><br>Minister of Climate and the Environment in Finland<\/p>\n<\/div>\n\n\n\n<div class=\"wp-block-column is-layout-flow wp-block-column-is-layout-flow\">\n<figure class=\"wp-block-image size-thumbnail is-style-rounded\"><img loading=\"lazy\" decoding=\"async\" width=\"150\" height=\"150\" src=\"https:\/\/www.acccflagship.fi\/wp-content\/uploads\/geden_oliver_a-150x150.jpg\" alt=\"\" class=\"wp-image-3131\" srcset=\"https:\/\/www.acccflagship.fi\/wp-content\/uploads\/geden_oliver_a-150x150.jpg 150w, https:\/\/www.acccflagship.fi\/wp-content\/uploads\/geden_oliver_a-300x300.jpg 300w, https:\/\/www.acccflagship.fi\/wp-content\/uploads\/geden_oliver_a-1024x1024.jpg 1024w, https:\/\/www.acccflagship.fi\/wp-content\/uploads\/geden_oliver_a-768x768.jpg 768w, https:\/\/www.acccflagship.fi\/wp-content\/uploads\/geden_oliver_a-500x500.jpg 500w, https:\/\/www.acccflagship.fi\/wp-content\/uploads\/geden_oliver_a-800x800.jpg 800w, https:\/\/www.acccflagship.fi\/wp-content\/uploads\/geden_oliver_a.jpg 1120w\" sizes=\"auto, (max-width: 150px) 100vw, 150px\" \/><\/figure>\n\n\n\n<p><strong>Oliver Geden<\/strong> <br>Head of Research Cluster Climate Policy and Politics German Institute for International and Security Affairs Berlin, Germany<br><a href=\"https:\/\/www.acccflagship.fi\/wp-content\/uploads\/CV-brief-Oliver-Geden-CCUS-Forum.pdf\">CV brief<\/a><\/p>\n<\/div>\n<\/div>\n<\/div>\n\n\n\n<div class=\"wp-block-column is-layout-flow wp-block-column-is-layout-flow\">\n<div class=\"wp-block-columns is-layout-flex wp-container-core-columns-is-layout-28f84493 wp-block-columns-is-layout-flex\">\n<div class=\"wp-block-column is-layout-flow wp-block-column-is-layout-flow\">\n<figure class=\"wp-block-image size-thumbnail is-style-rounded\"><img loading=\"lazy\" decoding=\"async\" width=\"150\" height=\"150\" src=\"https:\/\/www.acccflagship.fi\/wp-content\/uploads\/MD_photo-150x150.png\" alt=\"\" class=\"wp-image-3105\" style=\"object-fit:cover\"\/><\/figure>\n\n\n\n<p><strong>Miikka Dal Maso <\/strong><br>Professor, Physics Tampere University \/ ACCC Finland<\/p>\n<\/div>\n\n\n\n<div class=\"wp-block-column is-layout-flow wp-block-column-is-layout-flow\">\n<figure class=\"wp-block-image size-thumbnail is-style-rounded\"><img loading=\"lazy\" decoding=\"async\" width=\"150\" height=\"150\" src=\"https:\/\/www.acccflagship.fi\/wp-content\/uploads\/SP_photo-150x150.jpg\" alt=\"\" class=\"wp-image-3104\" srcset=\"https:\/\/www.acccflagship.fi\/wp-content\/uploads\/SP_photo-150x150.jpg 150w, https:\/\/www.acccflagship.fi\/wp-content\/uploads\/SP_photo-300x300.jpg 300w, https:\/\/www.acccflagship.fi\/wp-content\/uploads\/SP_photo.jpg 500w\" sizes=\"auto, (max-width: 150px) 100vw, 150px\" \/><\/figure>\n\n\n\n<p><strong>Sami Paatero <\/strong><br>Adviser, ACCC Chair, ACCC Innovation Forum Finland<\/p>\n<\/div>\n<\/div>\n<\/div>\n<\/div>\n\n\n\n<p><strong>Our programme (time UTC+4, Dubai time, 12 pm Finnish time)<\/strong><\/p>\n\n\n\n<p><strong>Venue:<\/strong> Finland\u00b4s Pavillion,OR02G4, Opportunity area, Blue Zone, Expo City Dubai<\/p>\n\n\n\n<p><strong>14:00\/2 p.m. Opening keynote<\/strong>, Kai Mykk\u00e4nen, Minister of Climate and the Environment in Finland<\/p>\n\n\n\n<p><strong>14:10 High level keynote<\/strong>, Oliver Geden, Head of Research Cluster Climate Policy and Politics German Institute for International and Security Affairs Berlin, Germany<\/p>\n\n\n\n<p><strong>14:20 Safe Climate and Clean Air<\/strong> Miikka Dal Maso, Professor, Tampere University \/ ACCC<\/p>\n\n\n\n<p>Jouni Keronen, Professor of Practice, University of Helsinki\/ ACCC(video)<\/p>\n\n\n\n<p><strong>14:30 Panel discussion &#8220;Cross-sector Collaboration for Carbon Capture: Industry, Research, and Governme<\/strong>nt Partnerships&#8221; A need for collaboration between industries, research institutions, and government bodies to advance carbon capture and storage initiatives<\/p>\n\n\n\n<p><strong>Kai Mykk\u00e4nen<\/strong>, Minister of Climate and the Environment in Finland<\/p>\n\n\n\n<p><strong>Oliver Geden<\/strong>, Head of Research Cluster Climate Policy and Politics German Institute for International and Security Affairs<br><br><strong>Miikka Dal Maso<\/strong>, Professor, Tampere University \/ ACCC<br><br><strong>Sami Paatero<\/strong>, Adviser, Atmosphere and Climate Competence Center, ACCC <br>Chair, ACCC Innovation Forum<br><br>Moderator: <strong>Hanna Lappalainen<\/strong>, Adjunct professor, University of Helsinki \/ ACCC<br><br><strong>14.55<\/strong> Closing remarks<\/p>\n\n\n\n<p><strong>Discussion on the broader role of science in addressing climate challenges<\/strong><\/p>\n\n\n\n<p>Following the ACCC event, we will continue the conversation on <strong>the broader role of science in addressing climate challenges<\/strong> in the same location starting at 18:00. The Finnish Science Evening panel discussion titled <strong>From research to impact: Strategies for accelerating the adoption of academic research in green transition<\/strong> will be moderated by Jussi Impi\u00f6 from Aalto University, and the ACCC representative participating in the discussion will be Professor Tuukka Pet\u00e4j\u00e4, Institute for Atmospheric and Earth System Research (INAR) at the University of Helsinki.<\/p>\n\n\n\n<div class=\"wp-block-columns is-layout-flex wp-container-core-columns-is-layout-28f84493 wp-block-columns-is-layout-flex\">\n<div class=\"wp-block-column is-layout-flow wp-block-column-is-layout-flow\" style=\"flex-basis:33.33%\">\n<figure class=\"wp-block-image size-thumbnail is-style-rounded\"><img loading=\"lazy\" decoding=\"async\" width=\"150\" height=\"150\" src=\"https:\/\/www.acccflagship.fi\/wp-content\/uploads\/tuukka-150x150.jpg\" alt=\"\" class=\"wp-image-3126\"\/><\/figure>\n<\/div>\n\n\n\n<div class=\"wp-block-column is-layout-flow wp-block-column-is-layout-flow\" style=\"flex-basis:66.66%\">\n<p><strong>Tuukka Pet\u00e4j\u00e4, Professor of Physics at the University of Helsinki<\/strong>. He has over 20 years of research experience related to atmospheric sciences. He is the vice-director of the <a href=\"https:\/\/www.helsinki.fi\/en\/inar\">Institute for Atmospheric and Earth System Research<\/a> responsible for the aerosol domain and research infrastructures. His research interests span from developing measurement techniques to understanding aerosol-cloud-climate-biosphere interactions. \u201cWe measure and model atmospheric particles. We also study climate change and air quality. Maintaining and improving measurements is essential to monitor the overall picture of climate change and air quality\u201d, says Pet\u00e4j\u00e4.<strong> <\/strong><br><strong>Contact: <\/strong><a href=\"mailto:tuukka.petaja@helsinki.fi\">tuukka.petaja@helsinki.fi<\/a>, +358 50 415 5278<\/p>\n<\/div>\n<\/div>\n\n\n\n<p><strong>ACCC Materials<\/strong><\/p>\n\n\n\n<p><a href=\"https:\/\/youtu.be\/XVcEyRJK6jc?si=pIE6KEIhZcY4po3d\" data-type=\"link\" data-id=\"https:\/\/youtu.be\/XVcEyRJK6jc?si=pIE6KEIhZcY4po3d\">ACCC video<\/a> <br><a href=\"https:\/\/www.acccflagship.fi\/wp-content\/uploads\/ACCC_COP28_Dubai.pdf\">ACCC in short<\/a><br><a href=\"https:\/\/www.youtube.com\/watch?v=-_MnerEXmQA\">Carbon sinks &#8211; vital for climate mitigation video<\/a><br><a href=\"https:\/\/www.acccflagship.fi\/wp-content\/uploads\/ACCC-Esitys-Dubai-Screen.pdf\">ACCC Dubai Screen material<\/a><br><a href=\"https:\/\/www.acccflagship.fi\/wp-content\/uploads\/COP28_SINKS_16-9.pdf\">Earth Observations to assess nature-based carbon removals<\/a><\/p>\n\n\n\n<p><strong>Read more on the COP28 Finland Pavilion:<\/strong> <a href=\"https:\/\/www.businessfinland.fi\/en\/cop28\">https:\/\/www.businessfinland.fi\/en\/cop28<\/a><\/p>\n\n\n\n<p><strong>Contact for the ACCC COP28 event<\/strong><\/p>\n\n\n\n<div class=\"wp-block-columns is-layout-flex wp-container-core-columns-is-layout-28f84493 wp-block-columns-is-layout-flex\">\n<div class=\"wp-block-column is-layout-flow wp-block-column-is-layout-flow\" style=\"flex-basis:33.33%\">\n<figure class=\"wp-block-image size-thumbnail is-style-rounded\"><img loading=\"lazy\" decoding=\"async\" width=\"150\" height=\"150\" src=\"https:\/\/www.acccflagship.fi\/wp-content\/uploads\/hanna-150x150.png\" alt=\"\" class=\"wp-image-3127\"\/><\/figure>\n<\/div>\n\n\n\n<div class=\"wp-block-column is-layout-flow wp-block-column-is-layout-flow\" style=\"flex-basis:66.66%\">\n<p><strong>Hanna Lappalainen, Docent in Atmospheric Sciences, University of Helsinki. <\/strong>Her speciality is increasing the societal impact of the ACCC from a science diplomacy perspective. The importance of science diplomacy is growing rapidly as the global geopolitical landscape changes and climate change accelerates. Lappalainen is involved in ERASMUS+ projects to facilitate distance learning of climate competences for young scientists from Eastern Europe and Africa through virtual exchanges. \u201cFinland and the ACCC have expertise and a lot to offer, for example in making measurements in challenging areas, such as the Arctic. We are also able to train young scientists to become versatile and wide-ranging climate experts. To tackle climate change, we need science diplomacy that enables research in challenging environments and engages young scientists around the world.\u201d<br><strong>Contact:<\/strong> <a href=\"mailto:hanna.k.lappalainen@helsinki.fi\">hanna.k.lappalainen@helsinki.fi<\/a>, +358 50 434 1710<\/p>\n<\/div>\n<\/div>\n\n\n\n<p><strong>Official address of Finland Pavilion:<\/strong><br>COP28 Finland Pavilion<br>OR02G4, Zone B6, Building 74<br>Opportunity Petal<br>Blue Zone, Expo City<\/p>\n\n\n\n<p><strong>NORDIC AND ESTONIAN PAVILION\u2019S WEB SITES<\/strong><\/p>\n\n\n\n<p>Other Nordic and Estonian pavilions &amp; programs in the following pages:<\/p>\n\n\n\n<p>Denmark <a href=\"https:\/\/stateofgreen.com\/en\/events\/cop28\/\">The Danish Pavilion at COP28 | State of Green<\/a><br>Estonia <a href=\"https:\/\/estonia.ee\/estonia-at-cop28\/\">Estonia at COP28 \u2014 Estonia<\/a><br>Norden <a href=\"https:\/\/www.norden.org\/en\/cop28\">COP28 | Nordic cooperation (norden.org)<\/a><br>Norway <a href=\"https:\/\/businessnorway.com\/cop-28\">Norway at COP 28 (businessnorway.com)<\/a><br>Sweden <a href=\"https:\/\/www.business-sweden.com\/in-focus\/cop28\/\">COP28 &#8211; Business Sweden (business-sweden.com)<\/a><\/p>\n\n\n\n<p><\/p>\n","protected":false},"excerpt":{"rendered":"<p>Welcome to meet us in Finland\u00b4s Pavillion 9th Dec! How can we accelerate worldwide carbon capture and storage efforts? Join us at the world-leading Atmosphere and Climate Competence Center (ACCC) as we explore carbon capture, storage, and strive for best practices in achieving common standards. We are a multidiscplinary group of 800 researchers and employ [&hellip;]<\/p>\n","protected":false},"author":1,"featured_media":0,"parent":0,"menu_order":0,"comment_status":"closed","ping_status":"closed","template":"","meta":{"site-sidebar-layout":"default","site-content-layout":"","ast-site-content-layout":"default","site-content-style":"default","site-sidebar-style":"default","ast-global-header-display":"","ast-banner-title-visibility":"","ast-main-header-display":"","ast-hfb-above-header-display":"","ast-hfb-below-header-display":"","ast-hfb-mobile-header-display":"","site-post-title":"","ast-breadcrumbs-content":"","ast-featured-img":"","footer-sml-layout":"","ast-disable-related-posts":"","theme-transparent-header-meta":"","adv-header-id-meta":"","stick-header-meta":"","header-above-stick-meta":"","header-main-stick-meta":"","header-below-stick-meta":"","astra-migrate-meta-layouts":"default","ast-page-background-enabled":"default","ast-page-background-meta":{"desktop":{"background-color":"var(--ast-global-color-4)","background-image":"","background-repeat":"repeat","background-position":"center center","background-size":"auto","background-attachment":"scroll","background-type":"","background-media":"","overlay-type":"","overlay-color":"","overlay-opacity":"","overlay-gradient":""},"tablet":{"background-color":"","background-image":"","background-repeat":"repeat","background-position":"center center","background-size":"auto","background-attachment":"scroll","background-type":"","background-media":"","overlay-type":"","overlay-color":"","overlay-opacity":"","overlay-gradient":""},"mobile":{"background-color":"","background-image":"","background-repeat":"repeat","background-position":"center center","background-size":"auto","background-attachment":"scroll","background-type":"","background-media":"","overlay-type":"","overlay-color":"","overlay-opacity":"","overlay-gradient":""}},"ast-content-background-meta":{"desktop":{"background-color":"var(--ast-global-color-5)","background-image":"","background-repeat":"repeat","background-position":"center center","background-size":"auto","background-attachment":"scroll","background-type":"","background-media":"","overlay-type":"","overlay-color":"","overlay-opacity":"","overlay-gradient":""},"tablet":{"background-color":"var(--ast-global-color-5)","background-image":"","background-repeat":"repeat","background-position":"center center","background-size":"auto","background-attachment":"scroll","background-type":"","background-media":"","overlay-type":"","overlay-color":"","overlay-opacity":"","overlay-gradient":""},"mobile":{"background-color":"var(--ast-global-color-5)","background-image":"","background-repeat":"repeat","background-position":"center center","background-size":"auto","background-attachment":"scroll","background-type":"","background-media":"","overlay-type":"","overlay-color":"","overlay-opacity":"","overlay-gradient":""}},"_vp_format_video_url":"","_vp_image_focal_point":[],"footnotes":""},"class_list":["post-3037","page","type-page","status-publish","hentry"],"featured_image_src":null,"_links":{"self":[{"href":"https:\/\/www.acccflagship.fi\/index.php\/wp-json\/wp\/v2\/pages\/3037","targetHints":{"allow":["GET"]}}],"collection":[{"href":"https:\/\/www.acccflagship.fi\/index.php\/wp-json\/wp\/v2\/pages"}],"about":[{"href":"https:\/\/www.acccflagship.fi\/index.php\/wp-json\/wp\/v2\/types\/page"}],"author":[{"embeddable":true,"href":"https:\/\/www.acccflagship.fi\/index.php\/wp-json\/wp\/v2\/users\/1"}],"replies":[{"embeddable":true,"href":"https:\/\/www.acccflagship.fi\/index.php\/wp-json\/wp\/v2\/comments?post=3037"}],"version-history":[{"count":36,"href":"https:\/\/www.acccflagship.fi\/index.php\/wp-json\/wp\/v2\/pages\/3037\/revisions"}],"predecessor-version":[{"id":3185,"href":"https:\/\/www.acccflagship.fi\/index.php\/wp-json\/wp\/v2\/pages\/3037\/revisions\/3185"}],"wp:attachment":[{"href":"https:\/\/www.acccflagship.fi\/index.php\/wp-json\/wp\/v2\/media?parent=3037"}],"curies":[{"name":"wp","href":"https:\/\/api.w.org\/{rel}","templated":true}]}}