{"id":2886,"date":"2023-10-06T12:10:12","date_gmt":"2023-10-06T09:10:12","guid":{"rendered":"https:\/\/www.acccflagship.fi\/?page_id=2886"},"modified":"2023-10-19T15:01:26","modified_gmt":"2023-10-19T12:01:26","slug":"measurement-data-visualization-tools-models","status":"publish","type":"page","link":"https:\/\/www.acccflagship.fi\/index.php\/measurement-data-visualization-tools-models\/","title":{"rendered":"Measurement data, visualization tools, models"},"content":{"rendered":"\n<div class=\"wp-block-columns is-layout-flex wp-container-core-columns-is-layout-28f84493 wp-block-columns-is-layout-flex\">\n<div class=\"wp-block-column is-layout-flow wp-block-column-is-layout-flow\" style=\"flex-basis:100%\">\n<h2 class=\"wp-block-heading\"><\/h2>\n\n\n\n<figure class=\"wp-block-image size-full is-resized\"><img loading=\"lazy\" decoding=\"async\" width=\"1000\" height=\"287\" src=\"https:\/\/www.acccflagship.fi\/wp-content\/uploads\/havupuu.png\" alt=\"\" class=\"wp-image-3023\" style=\"aspect-ratio:3.484320557491289;width:1166px;height:auto\" srcset=\"https:\/\/www.acccflagship.fi\/wp-content\/uploads\/havupuu.png 1000w, https:\/\/www.acccflagship.fi\/wp-content\/uploads\/havupuu-300x86.png 300w, https:\/\/www.acccflagship.fi\/wp-content\/uploads\/havupuu-768x220.png 768w, https:\/\/www.acccflagship.fi\/wp-content\/uploads\/havupuu-500x144.png 500w, https:\/\/www.acccflagship.fi\/wp-content\/uploads\/havupuu-800x230.png 800w\" sizes=\"auto, (max-width: 1000px) 100vw, 1000px\" \/><\/figure>\n\n\n\n<p><\/p>\n\n\n\n<h3 class=\"wp-block-heading\">Own actively maintained data repositories<\/h3>\n\n\n\n<figure class=\"wp-block-table is-style-stripes\"><table class=\"has-background has-fixed-layout\" style=\"background-color:#e7f5fe\"><thead><tr><th>Data provider <\/th><th>Description<\/th><\/tr><\/thead><tbody><tr><td><img loading=\"lazy\" decoding=\"async\" width=\"110\" height=\"110\" class=\"wp-image-597\" style=\"width: 110px;\" src=\"https:\/\/www.acccflagship.fi\/wp-content\/uploads\/GlobalSmear-logo-black.png\" alt=\"\"><\/td><td><strong>SmartSMEAR<\/strong> is a data visualization and download tool for the database of continuous atmospheric, flux, soil, tree physiological and water quality measurements at <a href=\"https:\/\/www.atm.helsinki.fi\/SMEAR\/\">SMEAR<\/a> research stations of the University of Helsinki and the University of Eastern Finland. <br><em>Website<\/em>:<a href=\"https:\/\/smear.avaa.csc.fi\/\"> here<\/a>. Visit <a rel=\"noreferrer noopener\" href=\"https:\/\/wiki.helsinki.fi\/display\/SMEAR\/The+SMEAR+Wikispace\" target=\"_blank\">SMEAR Station wiki<\/a> for further instructions.<\/td><\/tr><\/tbody><\/table><\/figure>\n\n\n\n<p><\/p>\n\n\n\n<h3 class=\"wp-block-heading\">Actively maintained research infrastructure repositories including our data<\/h3>\n\n\n\n<figure class=\"wp-block-table is-style-stripes\"><table class=\"has-background has-fixed-layout\" style=\"background-color:#e7f5fe\"><thead><tr><th>Data provider <\/th><th>Description<\/th><\/tr><\/thead><tbody><tr><td><img loading=\"lazy\" decoding=\"async\" width=\"150\" height=\"79\" class=\"wp-image-591\" style=\"width: 150px;\" src=\"https:\/\/www.acccflagship.fi\/wp-content\/uploads\/Actris-transp.gif\" alt=\"\"><\/td><td>A<strong>CTRIS<\/strong> (Aerosol, Clouds and Trace Gases Research Infrastructure) data portal. ACTRIS is a long-term atmospheric data (aerosol, clouds and reactive trace gases data) from over 1200 locations around the world. <br><em>Website<\/em>: <a rel=\"noreferrer noopener\" href=\"https:\/\/actris.nilu.no\/\" target=\"_blank\">https:\/\/actris.nilu.no\/<\/a><\/td><\/tr><tr><td><strong><a href=\"https:\/\/data.eurochamp.org\/\"><\/a><a href=\"https:\/\/data.eurochamp.org\/\"><\/a><a href=\"https:\/\/data.eurochamp.org\/\"><\/a><\/strong><img loading=\"lazy\" decoding=\"async\" width=\"150\" height=\"78\" class=\"wp-image-770\" style=\"width: 150px;\" src=\"https:\/\/www.acccflagship.fi\/wp-content\/uploads\/eurochamp2020-orange-noir.png\" alt=\"\"><\/td><td><strong>EUROCHAMP Data Centre<\/strong><br><em>Website<\/em><strong>: <\/strong><a rel=\"noreferrer noopener\" href=\"https:\/\/data.eurochamp.org\/\" target=\"_blank\">https:\/\/data.eurochamp.org\/<\/a><\/td><\/tr><tr><td><img loading=\"lazy\" decoding=\"async\" width=\"180\" height=\"54\" class=\"wp-image-1606\" style=\"width: 180px;\" src=\"https:\/\/www.acccflagship.fi\/wp-content\/uploads\/ICOS-RI_logo_rgb.png\" alt=\"\"><\/td><td><br><strong>ICOS data portal on greenhouse gas measurements, <\/strong><br>(Hyyti\u00e4l\u00e4, Siikaneva, Puijo, Ut\u00f6, Pallas)<br>website:  https:\/\/data.icos-cp.eu\/ <strong><br>&nbsp;&nbsp;&nbsp;<\/strong><\/td><\/tr><tr><td><img loading=\"lazy\" decoding=\"async\" width=\"170\" height=\"71\" class=\"wp-image-2071\" style=\"width: 170px;\" src=\"https:\/\/www.acccflagship.fi\/wp-content\/uploads\/elter-logo-3-1.png\" alt=\"\"><br><\/td><td><br><strong>eLTER<\/strong><br> More data in the future from Hyyti\u00e4l\u00e4, V\u00e4rri\u00f6, Pallas-Sodankyl\u00e4  <br>website:<strong> <\/strong>https:\/\/deims.org\/<br><\/td><\/tr><tr><td><img loading=\"lazy\" decoding=\"async\" width=\"150\" height=\"77\" class=\"wp-image-771\" style=\"width: 150px;\" src=\"https:\/\/www.acccflagship.fi\/wp-content\/uploads\/iCUPE_logo.png\" alt=\"\"><\/td><td><strong>iCUPE data products<\/strong> aimed towards a better integration between existing in-situ observational networks for polar measurement data on short-lived air pollutants including both aerosols and trace gases, as well as contaminants. <em>Website<\/em>: <a href=\"http:\/\/www.atm.helsinki.fi\/icupe\/\" target=\"_blank\" rel=\"noreferrer noopener\">www.atm.helsinki.fi\/icupe\/<\/a><br><em>Delivered Data Sets<\/em>: <a href=\"https:\/\/www.atm.helsinki.fi\/icupe\/index.php\/datasets\/delivered-datasets\" target=\"_blank\" rel=\"noreferrer noopener\">https:\/\/www.atm.helsinki.fi\/icupe\/index.php\/datasets\/delivered-datasets<\/a><\/td><\/tr><tr><td><img loading=\"lazy\" decoding=\"async\" width=\"150\" height=\"126\" class=\"wp-image-2769\" style=\"width: 150px;\" src=\"https:\/\/www.acccflagship.fi\/wp-content\/uploads\/caseearthlogo.png\" alt=\"\" srcset=\"https:\/\/www.acccflagship.fi\/wp-content\/uploads\/caseearthlogo.png 366w, https:\/\/www.acccflagship.fi\/wp-content\/uploads\/caseearthlogo-300x252.png 300w\" sizes=\"auto, (max-width: 150px) 100vw, 150px\" \/><br>Big Earth Data Science Engineering Program (CASEarth)<\/td><td>Big Earth Data Science Engineering Program (CASEarth), Strategic Priority Research Program (Class A), Chinese Academy of Sciences<br><br><a rel=\"noreferrer noopener\" href=\"https:\/\/data.casearth.cn\/en\/\" target=\"_blank\">https:\/\/data.casearth.cn\/en\/<\/a><\/td><\/tr><tr><td><img loading=\"lazy\" decoding=\"async\" width=\"150\" height=\"150\" class=\"wp-image-2770\" style=\"width: 150px;\" src=\"https:\/\/www.acccflagship.fi\/wp-content\/uploads\/cbaslogo-1.png\" alt=\"\" srcset=\"https:\/\/www.acccflagship.fi\/wp-content\/uploads\/cbaslogo-1.png 1265w, https:\/\/www.acccflagship.fi\/wp-content\/uploads\/cbaslogo-1-300x300.png 300w, https:\/\/www.acccflagship.fi\/wp-content\/uploads\/cbaslogo-1-1024x1024.png 1024w, https:\/\/www.acccflagship.fi\/wp-content\/uploads\/cbaslogo-1-150x150.png 150w, https:\/\/www.acccflagship.fi\/wp-content\/uploads\/cbaslogo-1-768x768.png 768w, https:\/\/www.acccflagship.fi\/wp-content\/uploads\/cbaslogo-1-500x500.png 500w, https:\/\/www.acccflagship.fi\/wp-content\/uploads\/cbaslogo-1-800x800.png 800w\" sizes=\"auto, (max-width: 150px) 100vw, 150px\" \/><br>CBAS &#8211; SDG Big Data Platform<\/td><td>CBAS &#8211; SDG Big Data Platform<br><a rel=\"noreferrer noopener\" href=\"https:\/\/sdg.casearth.cn\/en\" target=\"_blank\">https:\/\/sdg.casearth.cn\/en<\/a><\/td><\/tr><\/tbody><\/table><\/figure>\n<\/div>\n<\/div>\n\n\n\n<h2 class=\"wp-block-heading\">Modelling RI<\/h2>\n\n\n\n<figure class=\"wp-block-table is-style-stripes\"><table class=\"has-background has-fixed-layout\" style=\"background-color:#e9fbe5\"><thead><tr><th>Project Name<\/th><th>Description<\/th><\/tr><\/thead><tbody><tr><td>Center for Science Computing<\/td><td>CSC<br><a href=\"https:\/\/www.csc.fi\">https:\/\/www.csc.fi<\/a> <a href=\"https:\/\/docs.csc.fi\/computing\/available-systems\">https:\/\/docs.csc.fi\/computing\/available-systems<\/a><br><br><\/td><\/tr><tr><td>European Centre for Medium-Range Weather Forecasts<\/td><td>ECMWF<br><a href=\"https:\/\/www.ecmwf.int\">https:\/\/www.ecmwf.int<\/a><\/td><\/tr><\/tbody><\/table><\/figure>\n\n\n\n<h2 class=\"wp-block-heading\"><strong>Modelling Projects<\/strong><\/h2>\n\n\n\n<figure class=\"wp-block-table is-style-stripes\"><table class=\"has-background has-fixed-layout\" style=\"background-color:#e9fbe5\"><thead><tr><th>Project Name<\/th><th>Description<\/th><\/tr><\/thead><tbody><tr><td>FOCI<\/td><td>Non-CO2 Forcers and their Climate, Weather, Air Quality and Health Impacts<br><a rel=\"noreferrer noopener\" href=\"https:\/\/www.project-foci.eu\" target=\"_blank\">https:\/\/www.project-foci.eu<\/a> <\/td><\/tr><tr><td> RI-URBANS<\/td><td>Research Infrastructures Services Reinforcing Air Quality Monitoring Capacities in European Urban&amp; Industrial Area<br><a rel=\"noreferrer noopener\" href=\"https:\/\/riurbans.eu\" target=\"_blank\">https:\/\/riurbans.eu<\/a> <\/td><\/tr><tr><td>CRiceS<br><br><\/td><td>Climate Relevant interactions and feedbacks: the key role of sea ice and Snow in the polar and global climate system<br><a rel=\"noreferrer noopener\" href=\"https:\/\/www.crices-h2020.eu\" target=\"_blank\">https:\/\/www.crices-h2020.eu<\/a> <\/td><\/tr><tr><td>OceanNETs<\/td><td>Ocean-based Negative Emissions Technologies<br><a rel=\"noreferrer noopener\" href=\"https:\/\/www.oceannets.eu\" target=\"_blank\">https:\/\/www.oceannets.eu<\/a><\/td><\/tr><tr><td>FORCeS<\/td><td>Constrained aerosol forcing for improved climate projections<br><a rel=\"noreferrer noopener\" href=\"https:\/\/forces-project.eu\" target=\"_blank\">https:\/\/forces-project.eu<\/a><\/td><\/tr><tr><td>NextGEMS<br><\/td><td>Next Generation Earth Modelling Systems<br><a rel=\"noreferrer noopener\" href=\"https:\/\/nextgems-h2020.eu\" target=\"_blank\">https:\/\/nextgems-h2020.eu<\/a><\/td><\/tr><tr><td>MOAC<br><\/td><td>Marine organic aerosol and its impacts on clouds and climate<\/td><\/tr><tr><td>NETS<\/td><td>Negative emissions technologies<\/td><\/tr><tr><td>OptiMit<\/td><td>Optimal role of global forests in climate change mitigation&nbsp;<\/td><\/tr><tr><td>SuCCESs<\/td><td>Sustainable Climate Change Mitigation Strategies in Energy-Land-Material Systems<\/td><\/tr><tr><td>Magica \/ JPI Climate<\/td><td>Connecting Climate Knowledge for Europe<br><a rel=\"noreferrer noopener\" href=\"https:\/\/jpi-climate.eu\" target=\"_blank\">https:\/\/jpi-climate.eu<\/a><\/td><\/tr><tr><td>Enviro-PEEX(Plus)<\/td><td>Research and development for integrated meteorology \u2013 atmospheric composition multi-scales and \u2013 processes modelling for the Pan-Eurasian EXperiment (PEEX) domain for weather, air quality and climate applications<br><a rel=\"noreferrer noopener\" href=\"https:\/\/www.atm.helsinki.fi\/peex\/index.php\/enviro-peex_plus\" target=\"_blank\">https:\/\/www.atm.helsinki.fi\/peex\/index.php\/enviro-peex_plus<\/a><\/td><\/tr><tr><td>Finscapes<\/td><td>Finnish Scenarios for Climate Change Research Addressing Policies, Regions and Integrated Systems<br><a rel=\"noreferrer noopener\" href=\"https:\/\/www.ilmatieteenlaitos.fi\/finscapes\" target=\"_blank\">https:\/\/www.ilmatieteenlaitos.fi\/finscapes<\/a><\/td><\/tr><tr><td>NICEST2<\/td><td>Nordic Collaboration on e-Infrastructures for Earth System Modeling<br><a rel=\"noreferrer noopener\" href=\"https:\/\/neic.no\/nicest2\" target=\"_blank\">https:\/\/neic.no\/nicest2<\/a><\/td><\/tr><tr><td>HERCULES<\/td><td>HEalth, Risk and Climate change: Understanding Links between Exposure, hazards and vulnerability across spatial and temporal Scales<br><a rel=\"noreferrer noopener\" href=\"https:\/\/sites.utu.fi\/hercules\" target=\"_blank\">https:\/\/sites.utu.fi\/hercules<\/a><\/td><\/tr><\/tbody><\/table><\/figure>\n","protected":false},"excerpt":{"rendered":"<p>Own actively maintained data repositories Data provider Description SmartSMEAR is a data visualization and download tool for the database of continuous atmospheric, flux, soil, tree physiological and water quality measurements at SMEAR research stations of the University of Helsinki and the University of Eastern Finland. Website: here. Visit SMEAR Station wiki for further instructions. Actively [&hellip;]<\/p>\n","protected":false},"author":1,"featured_media":0,"parent":0,"menu_order":0,"comment_status":"closed","ping_status":"closed","template":"","meta":{"site-sidebar-layout":"default","site-content-layout":"","ast-site-content-layout":"default","site-content-style":"default","site-sidebar-style":"default","ast-global-header-display":"","ast-banner-title-visibility":"","ast-main-header-display":"","ast-hfb-above-header-display":"","ast-hfb-below-header-display":"","ast-hfb-mobile-header-display":"","site-post-title":"","ast-breadcrumbs-content":"","ast-featured-img":"","footer-sml-layout":"","ast-disable-related-posts":"","theme-transparent-header-meta":"","adv-header-id-meta":"","stick-header-meta":"","header-above-stick-meta":"","header-main-stick-meta":"","header-below-stick-meta":"","astra-migrate-meta-layouts":"default","ast-page-background-enabled":"default","ast-page-background-meta":{"desktop":{"background-color":"var(--ast-global-color-4)","background-image":"","background-repeat":"repeat","background-position":"center center","background-size":"auto","background-attachment":"scroll","background-type":"","background-media":"","overlay-type":"","overlay-color":"","overlay-opacity":"","overlay-gradient":""},"tablet":{"background-color":"","background-image":"","background-repeat":"repeat","background-position":"center center","background-size":"auto","background-attachment":"scroll","background-type":"","background-media":"","overlay-type":"","overlay-color":"","overlay-opacity":"","overlay-gradient":""},"mobile":{"background-color":"","background-image":"","background-repeat":"repeat","background-position":"center center","background-size":"auto","background-attachment":"scroll","background-type":"","background-media":"","overlay-type":"","overlay-color":"","overlay-opacity":"","overlay-gradient":""}},"ast-content-background-meta":{"desktop":{"background-color":"var(--ast-global-color-5)","background-image":"","background-repeat":"repeat","background-position":"center center","background-size":"auto","background-attachment":"scroll","background-type":"","background-media":"","overlay-type":"","overlay-color":"","overlay-opacity":"","overlay-gradient":""},"tablet":{"background-color":"var(--ast-global-color-5)","background-image":"","background-repeat":"repeat","background-position":"center center","background-size":"auto","background-attachment":"scroll","background-type":"","background-media":"","overlay-type":"","overlay-color":"","overlay-opacity":"","overlay-gradient":""},"mobile":{"background-color":"var(--ast-global-color-5)","background-image":"","background-repeat":"repeat","background-position":"center center","background-size":"auto","background-attachment":"scroll","background-type":"","background-media":"","overlay-type":"","overlay-color":"","overlay-opacity":"","overlay-gradient":""}},"_vp_format_video_url":"","_vp_image_focal_point":[],"footnotes":""},"class_list":["post-2886","page","type-page","status-publish","hentry"],"featured_image_src":null,"_links":{"self":[{"href":"https:\/\/www.acccflagship.fi\/index.php\/wp-json\/wp\/v2\/pages\/2886","targetHints":{"allow":["GET"]}}],"collection":[{"href":"https:\/\/www.acccflagship.fi\/index.php\/wp-json\/wp\/v2\/pages"}],"about":[{"href":"https:\/\/www.acccflagship.fi\/index.php\/wp-json\/wp\/v2\/types\/page"}],"author":[{"embeddable":true,"href":"https:\/\/www.acccflagship.fi\/index.php\/wp-json\/wp\/v2\/users\/1"}],"replies":[{"embeddable":true,"href":"https:\/\/www.acccflagship.fi\/index.php\/wp-json\/wp\/v2\/comments?post=2886"}],"version-history":[{"count":9,"href":"https:\/\/www.acccflagship.fi\/index.php\/wp-json\/wp\/v2\/pages\/2886\/revisions"}],"predecessor-version":[{"id":3025,"href":"https:\/\/www.acccflagship.fi\/index.php\/wp-json\/wp\/v2\/pages\/2886\/revisions\/3025"}],"wp:attachment":[{"href":"https:\/\/www.acccflagship.fi\/index.php\/wp-json\/wp\/v2\/media?parent=2886"}],"curies":[{"name":"wp","href":"https:\/\/api.w.org\/{rel}","templated":true}]}}