{"id":28,"date":"2020-12-14T14:28:19","date_gmt":"2020-12-14T14:28:19","guid":{"rendered":"http:\/\/h195.it.helsinki.fi\/?page_id=28"},"modified":"2023-10-18T14:43:40","modified_gmt":"2023-10-18T11:43:40","slug":"portal_old","status":"publish","type":"page","link":"https:\/\/www.acccflagship.fi\/index.php\/portal_old\/","title":{"rendered":"Data Portal"},"content":{"rendered":"\n<p>The ACCC Service Portal compiles links to ACCC data providers that include comprehensive environmental observations and multiscale models. <\/p>\n\n\n\n<p>In this portal you will find:<\/p>\n\n\n\n<h4 class=\"wp-block-heading\">1.Visualizations<\/h4>\n\n\n\n<h4 class=\"wp-block-heading\">2. Data<\/h4>\n\n\n\n<ul class=\"wp-block-list\">\n<li>Own actively maintained data repositories<\/li>\n\n\n\n<li>Actively maintained research infrastructure repositories including our data:<\/li>\n\n\n\n<li>Research datasets, mainly from published articles:<\/li>\n<\/ul>\n\n\n\n<h2 class=\"wp-block-heading\">1. Visualizations<\/h2>\n\n\n\n<div class=\"wp-block-columns is-layout-flex wp-container-core-columns-is-layout-28f84493 wp-block-columns-is-layout-flex\">\n<div class=\"wp-block-column is-layout-flow wp-block-column-is-layout-flow\" style=\"flex-basis:100%\">\n<figure class=\"wp-block-table is-style-stripes\"><table class=\"has-background has-fixed-layout\" style=\"background-color:#e7f5fe\"><thead><tr><th>Visualization provider <\/th><th>Description<\/th><\/tr><\/thead><tbody><tr><td><img loading=\"lazy\" decoding=\"async\" width=\"150\" height=\"56\" class=\"wp-image-593\" style=\"width: 150px;\" src=\"https:\/\/www.acccflagship.fi\/wp-content\/uploads\/Carbon-Action.png\" alt=\"\"><\/td><td><strong>Carbon Action platform<\/strong> develops and researches ways of accelerating soil carbon sequestration and verifying the results scientifically. Carbon farming nurtures soil and secures sustainable food production. In Carbon Action projects scientists, farmers and companies work together to enhance carbon storing regenerative agriculture.&nbsp; <em>Website<\/em>:<a href=\"https:\/\/carbonaction.org\/en\/projects\/front-page\/\"> https:\/\/carbonaction.org\/en\/projects\/front-page\/<\/a><\/td><\/tr><\/tbody><\/table><\/figure>\n\n\n\n<h2 class=\"wp-block-heading\">2. DATA<\/h2>\n\n\n\n<h3 class=\"wp-block-heading\">Own actively maintained data repositories<\/h3>\n\n\n\n<figure class=\"wp-block-table is-style-stripes\"><table class=\"has-background has-fixed-layout\" style=\"background-color:#e7f5fe\"><thead><tr><th>Data provider <\/th><th>Description<\/th><\/tr><\/thead><tbody><tr><td><img loading=\"lazy\" decoding=\"async\" width=\"110\" height=\"110\" class=\"wp-image-597\" style=\"width: 110px;\" src=\"https:\/\/www.acccflagship.fi\/wp-content\/uploads\/GlobalSmear-logo-black.png\" alt=\"\"><\/td><td><strong>SmartSMEAR<\/strong> is a data visualization and download tool for the database of continuous atmospheric, flux, soil, tree physiological and water quality measurements at <a href=\"https:\/\/www.atm.helsinki.fi\/SMEAR\/\">SMEAR<\/a> research stations of the University of Helsinki and the University of Eastern Finland. <br><em>Website<\/em>:<a href=\"https:\/\/smear.avaa.csc.fi\/\"> here<\/a>. Visit <a rel=\"noreferrer noopener\" href=\"https:\/\/wiki.helsinki.fi\/display\/SMEAR\/The+SMEAR+Wikispace\" target=\"_blank\">SMEAR Station wiki<\/a> for further instructions.<\/td><\/tr><\/tbody><\/table><\/figure>\n\n\n\n<p><\/p>\n\n\n\n<h3 class=\"wp-block-heading\">Actively maintained research infrastructure repositories including our data<\/h3>\n\n\n\n<figure class=\"wp-block-table is-style-stripes\"><table class=\"has-background has-fixed-layout\" style=\"background-color:#e7f5fe\"><thead><tr><th>Data provider <\/th><th>Description<\/th><\/tr><\/thead><tbody><tr><td><img loading=\"lazy\" decoding=\"async\" width=\"150\" height=\"79\" class=\"wp-image-591\" style=\"width: 150px;\" src=\"https:\/\/www.acccflagship.fi\/wp-content\/uploads\/Actris-transp.gif\" alt=\"\"><\/td><td>A<strong>CTRIS<\/strong> (Aerosol, Clouds and Trace Gases Research Infrastructure) data portal. ACTRIS is a long-term atmospheric data (aerosol, clouds and reactive trace gases data) from over 1200 locations around the world. <br><em>Website<\/em>: <a rel=\"noreferrer noopener\" href=\"https:\/\/actris.nilu.no\/\" target=\"_blank\">https:\/\/actris.nilu.no\/<\/a><\/td><\/tr><tr><td><strong><a href=\"https:\/\/data.eurochamp.org\/\"><\/a><a href=\"https:\/\/data.eurochamp.org\/\"><\/a><a href=\"https:\/\/data.eurochamp.org\/\"><\/a><\/strong><img loading=\"lazy\" decoding=\"async\" width=\"150\" height=\"78\" class=\"wp-image-770\" style=\"width: 150px;\" src=\"https:\/\/www.acccflagship.fi\/wp-content\/uploads\/eurochamp2020-orange-noir.png\" alt=\"\"><\/td><td><strong>EUROCHAMP Data Centre<\/strong><br><em>Website<\/em><strong>: <\/strong><a rel=\"noreferrer noopener\" href=\"https:\/\/data.eurochamp.org\/\" target=\"_blank\">https:\/\/data.eurochamp.org\/<\/a><\/td><\/tr><tr><td><img loading=\"lazy\" decoding=\"async\" width=\"180\" height=\"54\" class=\"wp-image-1606\" style=\"width: 180px;\" src=\"https:\/\/www.acccflagship.fi\/wp-content\/uploads\/ICOS-RI_logo_rgb.png\" alt=\"\"><\/td><td><br><strong>ICOS data portal on greenhouse gas measurements, <\/strong><br>(Hyyti\u00e4l\u00e4, Siikaneva, Puijo, Ut\u00f6, Pallas)<br>website:  https:\/\/data.icos-cp.eu\/ <strong><br>&nbsp;&nbsp;&nbsp;<\/strong><\/td><\/tr><tr><td><img loading=\"lazy\" decoding=\"async\" width=\"170\" height=\"71\" class=\"wp-image-2071\" style=\"width: 170px;\" src=\"https:\/\/www.acccflagship.fi\/wp-content\/uploads\/elter-logo-3-1.png\" alt=\"\"><br><\/td><td><br><strong>eLTER<\/strong><br> More data in the future from Hyyti\u00e4l\u00e4, V\u00e4rri\u00f6, Pallas-Sodankyl\u00e4  <br>website:<strong> <\/strong>https:\/\/deims.org\/<br><\/td><\/tr><tr><td><img loading=\"lazy\" decoding=\"async\" width=\"150\" height=\"77\" class=\"wp-image-771\" style=\"width: 150px;\" src=\"https:\/\/www.acccflagship.fi\/wp-content\/uploads\/iCUPE_logo.png\" alt=\"\"><\/td><td><strong>iCUPE data products<\/strong> aimed towards a better integration between existing in-situ observational networks for polar measurement data on short-lived air pollutants including both aerosols and trace gases, as well as contaminants. <em>Website<\/em>: <a href=\"http:\/\/www.atm.helsinki.fi\/icupe\/\" target=\"_blank\" rel=\"noreferrer noopener\">www.atm.helsinki.fi\/icupe\/<\/a><br><em>Delivered Data Sets<\/em>: <a href=\"https:\/\/www.atm.helsinki.fi\/icupe\/index.php\/datasets\/delivered-datasets\" target=\"_blank\" rel=\"noreferrer noopener\">https:\/\/www.atm.helsinki.fi\/icupe\/index.php\/datasets\/delivered-datasets<\/a><\/td><\/tr><\/tbody><\/table><\/figure>\n\n\n\n<h3 class=\"wp-block-heading\">Research datasets, mainly from published articles<\/h3>\n<\/div>\n<\/div>\n\n\n\n<figure class=\"wp-block-table is-style-stripes\"><table class=\"has-background has-fixed-layout\" style=\"background-color:#e9fbe5\"><thead><tr><th>Project Name<\/th><th>Description<\/th><\/tr><\/thead><tbody><tr><td><strong>TBA<\/strong><\/td><td>https:\/\/zenodo.org\/communities\/inar\/<br>https:\/\/fmi.b2share.csc.fi<br><br><\/td><\/tr><\/tbody><\/table><\/figure>\n\n\n\n<h2 class=\"wp-block-heading\">PROJECTS<\/h2>\n\n\n\n<figure class=\"wp-block-table is-style-stripes\"><table class=\"has-background has-fixed-layout\" style=\"background-color:#e9fbe5\"><thead><tr><th>Project Name<\/th><th>Description<\/th><\/tr><\/thead><tbody><tr><td><img loading=\"lazy\" decoding=\"async\" width=\"150\" height=\"99\" class=\"wp-image-767\" style=\"width: 150px;\" src=\"https:\/\/www.acccflagship.fi\/wp-content\/uploads\/carbon-foot.png\" alt=\"\"><\/td><td><strong>Black Carbon Footprint<\/strong><br>Website: <a href=\"https:\/\/projects.tuni.fi\/bcfootprint\/\" target=\"_blank\" rel=\"noreferrer noopener\">https:\/\/projects.tuni.fi\/bcfootprint\/<\/a><br>Twitter: @BCFootprint<\/td><\/tr><tr><td> <a href=\"https:\/\/climateuniversity.fi\/\"><img loading=\"lazy\" decoding=\"async\" width=\"200\" height=\"75\" class=\"wp-image-601\" style=\"width: 200px;\" src=\"https:\/\/www.acccflagship.fi\/wp-content\/uploads\/climtte-uni.png\" alt=\"\"><\/a><\/td><td><strong>Climate University<\/strong><br>Online courses for change-makers.<br>Climate University website and courses: <a rel=\"noreferrer noopener\" href=\"https:\/\/climateuniversity.fi\/\" target=\"_blank\">www.climateuniversity.fi\/<\/a>&nbsp;<br>Climate University blog:&nbsp;<a rel=\"noreferrer noopener\" href=\"https:\/\/blogs.helsinki.fi\/climateuniversity\/\" target=\"_blank\">https:\/\/blogs.helsinki.fi\/climateuniversity\/<\/a>&nbsp;<br>Academy research project on climate competencies:&nbsp;<a rel=\"noreferrer noopener\" href=\"https:\/\/blogs.helsinki.fi\/climatecompetencies\/\" target=\"_blank\">https:\/\/blogs.helsinki.fi\/climatecompetencies\/<\/a><\/td><\/tr><tr><td><br><img loading=\"lazy\" decoding=\"async\" width=\"150\" height=\"19\" class=\"wp-image-1085\" style=\"width: 150px;\" src=\"https:\/\/www.acccflagship.fi\/wp-content\/uploads\/kysyilmastosta_logo.png\" alt=\"\"><br><\/td><td>In <a rel=\"noreferrer noopener\" href=\"https:\/\/www.kysyilmastosta.fi\/en\/\" target=\"_blank\">KysyIlmastosta.fi <\/a>you can ask anything about climate, climate change and its impacts, behavior of climate system itself or anything related to climate. We will find researchers and experts to answer directly to you!<\/td><\/tr><tr><td><img loading=\"lazy\" decoding=\"async\" width=\"150\" height=\"54\" class=\"wp-image-772\" style=\"width: 150px;\" src=\"https:\/\/www.acccflagship.fi\/wp-content\/uploads\/PEEX-logo-new.png\" alt=\"\"><\/td><td><strong>PEEX <\/strong>(Pan-Eurasian Experiment) program is a multidisciplinary climate change, air quality, environment and research infrastructure initiative focused on the Northern Eurasian particularly Arctic and boreal regions. webiste: <a rel=\"noreferrer noopener\" href=\"https:\/\/www.atm.helsinki.fi\/peexwp\/\" target=\"_blank\">www.atm.helsinki.fi\/peexwp\/<\/a><\/td><\/tr><tr><td><strong>Regenerative farming e-learning course<\/strong><\/td><td><br>A free e-college for regenerative farming that provides research and farmers\u2019 first-hand experiences in an easy-to-grasp format, accessible to all.<br>in Finnish, <a href=\"http:\/\/www.uudistavaviljely.fi\">www.uudistavaviljely.fi<\/a><br>in Swedish, <a href=\"http:\/\/www.regenerativtjordbruk.fi\">www.regenerativtjordbruk.fi<\/a><\/td><\/tr><tr><td><img loading=\"lazy\" decoding=\"async\" width=\"150\" height=\"64\" class=\"wp-image-1190\" style=\"width: 150px;\" src=\"https:\/\/www.acccflagship.fi\/wp-content\/uploads\/Tube-logo_smaller.jpg\" alt=\"\"><br><strong>TUBE<\/strong> &#8211; Transport derived Ultrafines and the Brain Effects<\/td><td><strong>TUBE-project<\/strong> unites interdisciplinary expertise to study the adverse effects of extremely fine particles (UFP\u2019s) in the human lung and brain.<br>website: <a rel=\"noreferrer noopener\" href=\"https:\/\/www.tube-project.eu\/\" target=\"_blank\">www.tube-project.eu\/<\/a><br>Twitter:  @TUBE_EU_Project<\/td><\/tr><tr><td><img loading=\"lazy\" decoding=\"async\" width=\"150\" height=\"126\" class=\"wp-image-2769\" style=\"width: 150px;\" src=\"https:\/\/www.acccflagship.fi\/wp-content\/uploads\/caseearthlogo.png\" alt=\"\" srcset=\"https:\/\/www.acccflagship.fi\/wp-content\/uploads\/caseearthlogo.png 366w, https:\/\/www.acccflagship.fi\/wp-content\/uploads\/caseearthlogo-300x252.png 300w\" sizes=\"auto, (max-width: 150px) 100vw, 150px\" \/><br>Big Earth Data Science Engineering Program (CASEarth)<\/td><td>Big Earth Data Science Engineering Program (CASEarth), Strategic Priority Research Program (Class A), Chinese Academy of Sciences<br><br><a rel=\"noreferrer noopener\" href=\"https:\/\/data.casearth.cn\/en\/\" target=\"_blank\">https:\/\/data.casearth.cn\/en\/<\/a><\/td><\/tr><tr><td><img loading=\"lazy\" decoding=\"async\" width=\"150\" height=\"150\" class=\"wp-image-2770\" style=\"width: 150px;\" src=\"https:\/\/www.acccflagship.fi\/wp-content\/uploads\/cbaslogo-1.png\" alt=\"\" srcset=\"https:\/\/www.acccflagship.fi\/wp-content\/uploads\/cbaslogo-1.png 1265w, https:\/\/www.acccflagship.fi\/wp-content\/uploads\/cbaslogo-1-300x300.png 300w, https:\/\/www.acccflagship.fi\/wp-content\/uploads\/cbaslogo-1-1024x1024.png 1024w, https:\/\/www.acccflagship.fi\/wp-content\/uploads\/cbaslogo-1-150x150.png 150w, https:\/\/www.acccflagship.fi\/wp-content\/uploads\/cbaslogo-1-768x768.png 768w, https:\/\/www.acccflagship.fi\/wp-content\/uploads\/cbaslogo-1-500x500.png 500w, https:\/\/www.acccflagship.fi\/wp-content\/uploads\/cbaslogo-1-800x800.png 800w\" sizes=\"auto, (max-width: 150px) 100vw, 150px\" \/><br>CBAS &#8211; SDG Big Data Platform<\/td><td>CBAS &#8211; SDG Big Data Platform<br><a rel=\"noreferrer noopener\" href=\"https:\/\/sdg.casearth.cn\/en\" target=\"_blank\">https:\/\/sdg.casearth.cn\/en<\/a><\/td><\/tr><\/tbody><\/table><\/figure>\n\n\n\n<figure class=\"wp-block-table is-style-stripes\"><table class=\"has-background has-fixed-layout\" style=\"background-color:#e9fbe5\"><thead><tr><th>Title<\/th><th>Download<\/th><\/tr><\/thead><tbody><tr><td>Scientific advice for the determination of an EU-wide 2040 climate target and a greenhouse gas budget for 2030\u20132050<br><\/td><td><a href=\"https:\/\/www.acccflagship.fi\/wp-content\/uploads\/scientific-advice-for-the-determination-of-an-eu-wide-2040-climate-target-and-a-greenhouse-gas-budget-for-2030-2050.pdf\" data-type=\"link\" data-id=\"https:\/\/www.acccflagship.fi\/wp-content\/uploads\/scientific-advice-for-the-determination-of-an-eu-wide-2040-climate-target-and-a-greenhouse-gas-budget-for-2030-2050.pdf\">pdf<\/a><\/td><\/tr><tr><td>Briefing: Legal risks of carbon offsets, ClientEarth<\/td><td><a href=\"https:\/\/www.acccflagship.fi\/wp-content\/uploads\/carbon-offsets-legal-risk-briefing.pdf\">pdf<\/a><\/td><\/tr><tr><td>EU Factsheet on carbon removal<\/td><td><a href=\"https:\/\/www.acccflagship.fi\/wp-content\/uploads\/EU_fact_sheet_carbon_removal.pdf\">pdf<\/a><\/td><\/tr><tr><td>McKey at al. 2022: Exceeding 1.5C global warming, Science<\/td><td><a href=\"https:\/\/www.acccflagship.fi\/wp-content\/uploads\/McKay_et_al_Science.pdf\" data-type=\"link\" data-id=\"https:\/\/www.acccflagship.fi\/wp-content\/uploads\/McKay_et_al_Science.pdf\">pdf<\/a><\/td><\/tr><tr><td>EU Parliament: On Carbon removals 2022<\/td><td><a href=\"https:\/\/www.acccflagship.fi\/wp-content\/uploads\/Regulation_parliament.pdf\" data-type=\"link\" data-id=\"https:\/\/www.acccflagship.fi\/wp-content\/uploads\/Regulation_parliament.pdf\">pdf<\/a><\/td><\/tr><tr><td>Columns in newspaper Kaleva<\/td><td><a href=\"https:\/\/www.acccflagship.fi\/wp-content\/uploads\/Kaleva2021-23.pdf\">pdf<\/a><\/td><\/tr><tr><td>Secure robust carbon dioxide removal policy through credible certification<\/td><td><a href=\"https:\/\/www.acccflagship.fi\/wp-content\/uploads\/secure-robust-carbon-dioxide-removal-policy.pdf\">pdf<\/a><\/td><\/tr><\/tbody><\/table><\/figure>\n","protected":false},"excerpt":{"rendered":"<p>The ACCC Service Portal compiles links to ACCC data providers that include comprehensive environmental observations and multiscale models. In this portal you will find: 1.Visualizations 2. Data 1. Visualizations Visualization provider Description Carbon Action platform develops and researches ways of accelerating soil carbon sequestration and verifying the results scientifically. Carbon farming nurtures soil and secures [&hellip;]<\/p>\n","protected":false},"author":2,"featured_media":0,"parent":0,"menu_order":0,"comment_status":"closed","ping_status":"closed","template":"","meta":{"site-sidebar-layout":"default","site-content-layout":"","ast-site-content-layout":"default","site-content-style":"default","site-sidebar-style":"default","ast-global-header-display":"","ast-banner-title-visibility":"","ast-main-header-display":"","ast-hfb-above-header-display":"","ast-hfb-below-header-display":"","ast-hfb-mobile-header-display":"","site-post-title":"","ast-breadcrumbs-content":"","ast-featured-img":"","footer-sml-layout":"","ast-disable-related-posts":"","theme-transparent-header-meta":"","adv-header-id-meta":"","stick-header-meta":"","header-above-stick-meta":"","header-main-stick-meta":"","header-below-stick-meta":"","astra-migrate-meta-layouts":"default","ast-page-background-enabled":"default","ast-page-background-meta":{"desktop":{"background-color":"var(--ast-global-color-4)","background-image":"","background-repeat":"repeat","background-position":"center center","background-size":"auto","background-attachment":"scroll","background-type":"","background-media":"","overlay-type":"","overlay-color":"","overlay-opacity":"","overlay-gradient":""},"tablet":{"background-color":"","background-image":"","background-repeat":"repeat","background-position":"center center","background-size":"auto","background-attachment":"scroll","background-type":"","background-media":"","overlay-type":"","overlay-color":"","overlay-opacity":"","overlay-gradient":""},"mobile":{"background-color":"","background-image":"","background-repeat":"repeat","background-position":"center center","background-size":"auto","background-attachment":"scroll","background-type":"","background-media":"","overlay-type":"","overlay-color":"","overlay-opacity":"","overlay-gradient":""}},"ast-content-background-meta":{"desktop":{"background-color":"var(--ast-global-color-5)","background-image":"","background-repeat":"repeat","background-position":"center center","background-size":"auto","background-attachment":"scroll","background-type":"","background-media":"","overlay-type":"","overlay-color":"","overlay-opacity":"","overlay-gradient":""},"tablet":{"background-color":"var(--ast-global-color-5)","background-image":"","background-repeat":"repeat","background-position":"center center","background-size":"auto","background-attachment":"scroll","background-type":"","background-media":"","overlay-type":"","overlay-color":"","overlay-opacity":"","overlay-gradient":""},"mobile":{"background-color":"var(--ast-global-color-5)","background-image":"","background-repeat":"repeat","background-position":"center center","background-size":"auto","background-attachment":"scroll","background-type":"","background-media":"","overlay-type":"","overlay-color":"","overlay-opacity":"","overlay-gradient":""}},"_vp_format_video_url":"","_vp_image_focal_point":[],"footnotes":""},"class_list":["post-28","page","type-page","status-publish","hentry"],"featured_image_src":null,"_links":{"self":[{"href":"https:\/\/www.acccflagship.fi\/index.php\/wp-json\/wp\/v2\/pages\/28","targetHints":{"allow":["GET"]}}],"collection":[{"href":"https:\/\/www.acccflagship.fi\/index.php\/wp-json\/wp\/v2\/pages"}],"about":[{"href":"https:\/\/www.acccflagship.fi\/index.php\/wp-json\/wp\/v2\/types\/page"}],"author":[{"embeddable":true,"href":"https:\/\/www.acccflagship.fi\/index.php\/wp-json\/wp\/v2\/users\/2"}],"replies":[{"embeddable":true,"href":"https:\/\/www.acccflagship.fi\/index.php\/wp-json\/wp\/v2\/comments?post=28"}],"version-history":[{"count":47,"href":"https:\/\/www.acccflagship.fi\/index.php\/wp-json\/wp\/v2\/pages\/28\/revisions"}],"predecessor-version":[{"id":3004,"href":"https:\/\/www.acccflagship.fi\/index.php\/wp-json\/wp\/v2\/pages\/28\/revisions\/3004"}],"wp:attachment":[{"href":"https:\/\/www.acccflagship.fi\/index.php\/wp-json\/wp\/v2\/media?parent=28"}],"curies":[{"name":"wp","href":"https:\/\/api.w.org\/{rel}","templated":true}]}}