{"id":1114,"date":"2021-05-17T07:45:02","date_gmt":"2021-05-17T07:45:02","guid":{"rendered":"https:\/\/www.acccflagship.fi\/?page_id=1114"},"modified":"2022-04-29T14:30:24","modified_gmt":"2022-04-29T11:30:24","slug":"kontaktuppgifter","status":"publish","type":"page","link":"https:\/\/www.acccflagship.fi\/index.php\/sv\/kontaktuppgifter\/","title":{"rendered":"Kontaktuppgifter"},"content":{"rendered":"\n<p>acccflagship(a)helsinki.fi <\/p>\n\n\n\n<p>Twitter: @ACCC_FS, #ACCC_FS<\/p>\n\n\n\n<h3 class=\"wp-block-heading\"><mark style=\"background-color:rgba(0, 0, 0, 0)\" class=\"has-inline-color has-neve-link-color-color\">\u200b<strong>Forskningsprogram \u200b<\/strong><\/mark><\/h3>\n\n\n\n<p><strong>Anna Lintunen<\/strong><\/p>\n\n\n\n<p>INAR, Helsingfors universitet\u200b<\/p>\n\n\n\n<p>anna.lintunen(a)helsinki.fi<\/p>\n\n\n\n<h3 class=\"wp-block-heading\"><strong><span class=\"has-inline-color has-neve-link-color-color\">Genomslagsprogram \u200b<\/span><\/strong><\/h3>\n\n\n\n<p><strong>Hanna Lappalainen<\/strong><\/p>\n\n\n\n<p>INAR, Helsingfors universitet\u200b<\/p>\n\n\n\n<p>hanna.lappalainen(a)helsinki.fi<\/p>\n\n\n\n<h3 class=\"wp-block-heading\"><strong><span class=\"has-inline-color has-neve-link-color-color\">F\u00f6retagssamarbete<\/span><\/strong><\/h3>\n\n\n\n<p><strong>Sami Paatero<\/strong><\/p>\n\n\n\n<p>sami.paatero(a)helsinki.fi<\/p>\n\n\n\n<h3 class=\"wp-block-heading\"><strong><span class=\"has-inline-color has-neve-link-color-color\">Samarbete i Asien<\/span><\/strong><\/h3>\n\n\n\n<p><strong>Joni Kujansuu<\/strong><\/p>\n\n\n\n<p>Helsingfors universitet\u200b<\/p>\n\n\n\n<p>joni.kujansuu(a)helsinki.fi<\/p>\n\n\n\n<h3 class=\"wp-block-heading\"><strong><span class=\"has-inline-color has-neve-link-color-color\">Kontakter och ansvarsomr\u00e5den p\u00e5 organisationsniv\u00e5<\/span><\/strong><\/h3>\n\n\n\n<p><strong><em>\u200bINAR, Helsingfors universitet<\/em><\/strong>\u200b\u200b<\/p>\n\n\n\n<p><strong>Silja H\u00e4me<\/strong><\/p>\n\n\n\n<p>forskningskoordinator, ACCC office<\/p>\n\n\n\n<p>silja.hame(a)helsinki.fi\u200b<\/p>\n\n\n\n<p><strong>Stephany Mazon<\/strong>\u200b<\/p>\n\n\n\n<p>specialist inom kommunikation, engelskspr\u00e5kig kommunikation<\/p>\n\n\n\n<p>stephany.mazon(a)helsinki.fi<\/p>\n\n\n\n<p><strong>Otso Per\u00e4kyl\u00e4 \u200b<\/strong><\/p>\n\n\n\n<p>hantering av e-postlistor<\/p>\n\n\n\n<p>otso.perakyla(a)helsinki.<\/p>\n\n\n\n<p><strong>Rosa Rantanen\u200b<\/strong><\/p>\n\n\n\n<p>f\u00f6reningsverksamhet &#8211; <a href=\"https:\/\/blogs.helsinki.fi\/saferclimate\/\">Initiative for a Safer Climate<\/a><\/p>\n\n\n\n<p>rosa.rantanen(a)helsinki.fi\u200b<\/p>\n\n\n\n<p>050-3360785<\/p>\n\n\n\n<p>@RantanenRosa<\/p>\n\n\n\n<p><strong><em>Ilmatieteen laitos<\/em><\/strong><\/p>\n\n\n\n<p><strong>Tero Siili<\/strong><\/p>\n\n\n\n<p>forskningskoordinator (f\u00f6rstahandskontaktperson)<\/p>\n\n\n\n<p>tero.siili(a)fmi.fi<\/p>\n\n\n\n<p><strong>\u00c5sa Stam<\/strong><\/p>\n\n\n\n<p>forskningskoordinator<\/p>\n\n\n\n<p>asa.stam(a)fmi.fi<\/p>\n\n\n\n<p><strong><em>\u00d6stra Finlands universitet<\/em><\/strong><\/p>\n\n\n\n<p><strong>Santtu Mikkonen<\/strong><\/p>\n\n\n\n<p>santtu.mikkonen(a)uef.fi<\/p>\n\n\n\n<p>@santtu_mikkonen<\/p>\n\n\n\n<h3 class=\"wp-block-heading\"><strong><span class=\"has-inline-color has-neve-link-color-color\">ACCC-lippulaivan johto<\/span><\/strong><\/h3>\n\n\n\n<p><strong>Direkt\u00f6r<\/strong><\/p>\n\n\n\n<p><strong>Markku Kulmala<\/strong><\/p>\n\n\n\n<p>Helsingfors universitet<\/p>\n\n\n\n<p>markku.kulmala(a)helsinki.fi\u200b<\/p>\n\n\n\n<p><strong><em>Bitr\u00e4dande direkt\u00f6rer<\/em><\/strong><\/p>\n\n\n\n<p><strong>Jaana B\u00e4ck<\/strong><\/p>\n\n\n\n<p>Helsingfors universitet<\/p>\n\n\n\n<p>jaana.back(a)helsinki.fi\u200b<\/p>\n\n\n\n<p><strong>Ari Laaksonen<\/strong><\/p>\n\n\n\n<p>Meteorologiska institutet<\/p>\n\n\n\n<p>ari.laaksonen(a)fmi.fi\u200b<\/p>\n\n\n\n<p><strong>Miikka Dal Maso<\/strong><\/p>\n\n\n\n<p>Tammerfors universitet<\/p>\n\n\n\n<p>miikka.dalmaso(a)tuni.fi<\/p>\n\n\n\n<p><strong>Annele Virtanen<\/strong><\/p>\n\n\n\n<p>\u00d6stra Finlands universitet<\/p>\n\n\n\n<p>annele.virtanen(a)uef.fi<\/p>\n\n\n\n<p>@annelevirtanen<\/p>\n","protected":false},"excerpt":{"rendered":"<p>acccflagship(a)helsinki.fi Twitter: @ACCC_FS, #ACCC_FS \u200bForskningsprogram \u200b Anna Lintunen INAR, Helsingfors universitet\u200b anna.lintunen(a)helsinki.fi Genomslagsprogram \u200b Hanna Lappalainen INAR, Helsingfors universitet\u200b hanna.lappalainen(a)helsinki.fi F\u00f6retagssamarbete Sami Paatero sami.paatero(a)helsinki.fi Samarbete i Asien Joni Kujansuu Helsingfors universitet\u200b joni.kujansuu(a)helsinki.fi Kontakter och ansvarsomr\u00e5den p\u00e5 organisationsniv\u00e5 \u200bINAR, Helsingfors universitet\u200b\u200b Silja H\u00e4me forskningskoordinator, ACCC office silja.hame(a)helsinki.fi\u200b Stephany Mazon\u200b specialist inom kommunikation, engelskspr\u00e5kig kommunikation stephany.mazon(a)helsinki.fi Otso [&hellip;]<\/p>\n","protected":false},"author":1,"featured_media":0,"parent":0,"menu_order":0,"comment_status":"closed","ping_status":"closed","template":"","meta":{"site-sidebar-layout":"default","site-content-layout":"","ast-site-content-layout":"default","site-content-style":"default","site-sidebar-style":"default","ast-global-header-display":"","ast-banner-title-visibility":"","ast-main-header-display":"","ast-hfb-above-header-display":"","ast-hfb-below-header-display":"","ast-hfb-mobile-header-display":"","site-post-title":"","ast-breadcrumbs-content":"","ast-featured-img":"","footer-sml-layout":"","ast-disable-related-posts":"","theme-transparent-header-meta":"","adv-header-id-meta":"","stick-header-meta":"","header-above-stick-meta":"","header-main-stick-meta":"","header-below-stick-meta":"","astra-migrate-meta-layouts":"default","ast-page-background-enabled":"default","ast-page-background-meta":{"desktop":{"background-color":"var(--ast-global-color-4)","background-image":"","background-repeat":"repeat","background-position":"center center","background-size":"auto","background-attachment":"scroll","background-type":"","background-media":"","overlay-type":"","overlay-color":"","overlay-opacity":"","overlay-gradient":""},"tablet":{"background-color":"","background-image":"","background-repeat":"repeat","background-position":"center center","background-size":"auto","background-attachment":"scroll","background-type":"","background-media":"","overlay-type":"","overlay-color":"","overlay-opacity":"","overlay-gradient":""},"mobile":{"background-color":"","background-image":"","background-repeat":"repeat","background-position":"center center","background-size":"auto","background-attachment":"scroll","background-type":"","background-media":"","overlay-type":"","overlay-color":"","overlay-opacity":"","overlay-gradient":""}},"ast-content-background-meta":{"desktop":{"background-color":"var(--ast-global-color-5)","background-image":"","background-repeat":"repeat","background-position":"center center","background-size":"auto","background-attachment":"scroll","background-type":"","background-media":"","overlay-type":"","overlay-color":"","overlay-opacity":"","overlay-gradient":""},"tablet":{"background-color":"var(--ast-global-color-5)","background-image":"","background-repeat":"repeat","background-position":"center center","background-size":"auto","background-attachment":"scroll","background-type":"","background-media":"","overlay-type":"","overlay-color":"","overlay-opacity":"","overlay-gradient":""},"mobile":{"background-color":"var(--ast-global-color-5)","background-image":"","background-repeat":"repeat","background-position":"center center","background-size":"auto","background-attachment":"scroll","background-type":"","background-media":"","overlay-type":"","overlay-color":"","overlay-opacity":"","overlay-gradient":""}},"_vp_format_video_url":"","_vp_image_focal_point":[],"footnotes":""},"class_list":["post-1114","page","type-page","status-publish","hentry"],"featured_image_src":null,"_links":{"self":[{"href":"https:\/\/www.acccflagship.fi\/index.php\/wp-json\/wp\/v2\/pages\/1114","targetHints":{"allow":["GET"]}}],"collection":[{"href":"https:\/\/www.acccflagship.fi\/index.php\/wp-json\/wp\/v2\/pages"}],"about":[{"href":"https:\/\/www.acccflagship.fi\/index.php\/wp-json\/wp\/v2\/types\/page"}],"author":[{"embeddable":true,"href":"https:\/\/www.acccflagship.fi\/index.php\/wp-json\/wp\/v2\/users\/1"}],"replies":[{"embeddable":true,"href":"https:\/\/www.acccflagship.fi\/index.php\/wp-json\/wp\/v2\/comments?post=1114"}],"version-history":[{"count":8,"href":"https:\/\/www.acccflagship.fi\/index.php\/wp-json\/wp\/v2\/pages\/1114\/revisions"}],"predecessor-version":[{"id":2314,"href":"https:\/\/www.acccflagship.fi\/index.php\/wp-json\/wp\/v2\/pages\/1114\/revisions\/2314"}],"wp:attachment":[{"href":"https:\/\/www.acccflagship.fi\/index.php\/wp-json\/wp\/v2\/media?parent=1114"}],"curies":[{"name":"wp","href":"https:\/\/api.w.org\/{rel}","templated":true}]}}