{"id":1110,"date":"2021-05-17T07:43:39","date_gmt":"2021-05-17T07:43:39","guid":{"rendered":"https:\/\/www.acccflagship.fi\/?page_id=1110"},"modified":"2021-05-17T15:12:22","modified_gmt":"2021-05-17T15:12:22","slug":"data-portal-2","status":"publish","type":"page","link":"https:\/\/www.acccflagship.fi\/index.php\/sv\/data-portal-2\/","title":{"rendered":"Data portal"},"content":{"rendered":"\n<p>ACCC:s Data Portal -tj\u00e4nst samlar ihop n\u00e4tsidor med m\u00e5ngsidig information fr\u00e5n olika forskningsomr\u00e5den. Du hittar tj\u00e4nsten p\u00e5 engelska <a href=\"https:\/\/www.acccflagship.fi\/index.php\/portal\/\">h\u00e4r<\/a>.<\/p>\n","protected":false},"excerpt":{"rendered":"<p>ACCC:s Data Portal -tj\u00e4nst samlar ihop n\u00e4tsidor med m\u00e5ngsidig information fr\u00e5n olika forskningsomr\u00e5den. Du hittar tj\u00e4nsten p\u00e5 engelska h\u00e4r.<\/p>\n","protected":false},"author":1,"featured_media":0,"parent":0,"menu_order":0,"comment_status":"closed","ping_status":"closed","template":"","meta":{"site-sidebar-layout":"default","site-content-layout":"","ast-site-content-layout":"default","site-content-style":"default","site-sidebar-style":"default","ast-global-header-display":"","ast-banner-title-visibility":"","ast-main-header-display":"","ast-hfb-above-header-display":"","ast-hfb-below-header-display":"","ast-hfb-mobile-header-display":"","site-post-title":"","ast-breadcrumbs-content":"","ast-featured-img":"","footer-sml-layout":"","ast-disable-related-posts":"","theme-transparent-header-meta":"","adv-header-id-meta":"","stick-header-meta":"","header-above-stick-meta":"","header-main-stick-meta":"","header-below-stick-meta":"","astra-migrate-meta-layouts":"default","ast-page-background-enabled":"default","ast-page-background-meta":{"desktop":{"background-color":"var(--ast-global-color-4)","background-image":"","background-repeat":"repeat","background-position":"center center","background-size":"auto","background-attachment":"scroll","background-type":"","background-media":"","overlay-type":"","overlay-color":"","overlay-opacity":"","overlay-gradient":""},"tablet":{"background-color":"","background-image":"","background-repeat":"repeat","background-position":"center center","background-size":"auto","background-attachment":"scroll","background-type":"","background-media":"","overlay-type":"","overlay-color":"","overlay-opacity":"","overlay-gradient":""},"mobile":{"background-color":"","background-image":"","background-repeat":"repeat","background-position":"center center","background-size":"auto","background-attachment":"scroll","background-type":"","background-media":"","overlay-type":"","overlay-color":"","overlay-opacity":"","overlay-gradient":""}},"ast-content-background-meta":{"desktop":{"background-color":"var(--ast-global-color-5)","background-image":"","background-repeat":"repeat","background-position":"center center","background-size":"auto","background-attachment":"scroll","background-type":"","background-media":"","overlay-type":"","overlay-color":"","overlay-opacity":"","overlay-gradient":""},"tablet":{"background-color":"var(--ast-global-color-5)","background-image":"","background-repeat":"repeat","background-position":"center center","background-size":"auto","background-attachment":"scroll","background-type":"","background-media":"","overlay-type":"","overlay-color":"","overlay-opacity":"","overlay-gradient":""},"mobile":{"background-color":"var(--ast-global-color-5)","background-image":"","background-repeat":"repeat","background-position":"center center","background-size":"auto","background-attachment":"scroll","background-type":"","background-media":"","overlay-type":"","overlay-color":"","overlay-opacity":"","overlay-gradient":""}},"_vp_format_video_url":"","_vp_image_focal_point":[],"footnotes":""},"class_list":["post-1110","page","type-page","status-publish","hentry"],"featured_image_src":null,"_links":{"self":[{"href":"https:\/\/www.acccflagship.fi\/index.php\/wp-json\/wp\/v2\/pages\/1110","targetHints":{"allow":["GET"]}}],"collection":[{"href":"https:\/\/www.acccflagship.fi\/index.php\/wp-json\/wp\/v2\/pages"}],"about":[{"href":"https:\/\/www.acccflagship.fi\/index.php\/wp-json\/wp\/v2\/types\/page"}],"author":[{"embeddable":true,"href":"https:\/\/www.acccflagship.fi\/index.php\/wp-json\/wp\/v2\/users\/1"}],"replies":[{"embeddable":true,"href":"https:\/\/www.acccflagship.fi\/index.php\/wp-json\/wp\/v2\/comments?post=1110"}],"version-history":[{"count":2,"href":"https:\/\/www.acccflagship.fi\/index.php\/wp-json\/wp\/v2\/pages\/1110\/revisions"}],"predecessor-version":[{"id":1135,"href":"https:\/\/www.acccflagship.fi\/index.php\/wp-json\/wp\/v2\/pages\/1110\/revisions\/1135"}],"wp:attachment":[{"href":"https:\/\/www.acccflagship.fi\/index.php\/wp-json\/wp\/v2\/media?parent=1110"}],"curies":[{"name":"wp","href":"https:\/\/api.w.org\/{rel}","templated":true}]}}