{"id":1108,"date":"2021-05-17T07:42:49","date_gmt":"2021-05-17T07:42:49","guid":{"rendered":"https:\/\/www.acccflagship.fi\/?page_id=1108"},"modified":"2021-05-17T15:18:16","modified_gmt":"2021-05-17T15:18:16","slug":"samarbete","status":"publish","type":"page","link":"https:\/\/www.acccflagship.fi\/index.php\/sv\/samarbete\/","title":{"rendered":"Samarbete"},"content":{"rendered":"\n<h4 class=\"wp-block-heading\"><strong>ACCC str\u00e4var till att producera praktiska l\u00f6sningar som baserar sig p\u00e5 toppforskning.<\/strong><\/h4>\n\n\n\n<p>F\u00f6r tillf\u00e4llet samarbetar mer \u00e4n 40 parter inom forskningen och i genomslagsprogrammen. Syftet med samarbetet \u00e4r att f\u00f6rutse och verifiera effekterna av klimat\u00e5tg\u00e4rder p\u00e5 till exempel aff\u00e4rer, h\u00e5llbara investeringar och p\u00e5 f\u00f6r\u00e4ndringar inom olika sektorer.<\/p>\n\n\n\n<p>Samarbetet sker t\u00e4tt och interaktivt med f\u00f6retag, forskningsorganisationer, beslutsfattare och akt\u00f6rer inom tredje sektorn.<\/p>\n\n\n\n<p>L\u00e4s mera om ACCC:s genomslagsprogram p\u00e5 engelska <a href=\"https:\/\/www.acccflagship.fi\/index.php\/impact-projects\/\" target=\"_blank\" rel=\"noreferrer noopener\">h\u00e4r<\/a>.<\/p>\n\n\n\n<p>Ifall du \u00e4r intresserad av att samarbeta med ACCC s\u00e5 <a href=\"https:\/\/www.acccflagship.fi\/index.php\/fi\/yhteystiedot\/\" target=\"_blank\" rel=\"noreferrer noopener\">var g\u00e4rna i kontakt<\/a> s\u00e5 hj\u00e4lper vi g\u00e4rna att hitta ett l\u00e4mpligt samarbetss\u00e4tt.<\/p>\n","protected":false},"excerpt":{"rendered":"<p>ACCC str\u00e4var till att producera praktiska l\u00f6sningar som baserar sig p\u00e5 toppforskning. F\u00f6r tillf\u00e4llet samarbetar mer \u00e4n 40 parter inom forskningen och i genomslagsprogrammen. Syftet med samarbetet \u00e4r att f\u00f6rutse och verifiera effekterna av klimat\u00e5tg\u00e4rder p\u00e5 till exempel aff\u00e4rer, h\u00e5llbara investeringar och p\u00e5 f\u00f6r\u00e4ndringar inom olika sektorer. Samarbetet sker t\u00e4tt och interaktivt med f\u00f6retag, forskningsorganisationer, [&hellip;]<\/p>\n","protected":false},"author":1,"featured_media":0,"parent":0,"menu_order":0,"comment_status":"closed","ping_status":"closed","template":"","meta":{"site-sidebar-layout":"default","site-content-layout":"","ast-site-content-layout":"default","site-content-style":"default","site-sidebar-style":"default","ast-global-header-display":"","ast-banner-title-visibility":"","ast-main-header-display":"","ast-hfb-above-header-display":"","ast-hfb-below-header-display":"","ast-hfb-mobile-header-display":"","site-post-title":"","ast-breadcrumbs-content":"","ast-featured-img":"","footer-sml-layout":"","ast-disable-related-posts":"","theme-transparent-header-meta":"","adv-header-id-meta":"","stick-header-meta":"","header-above-stick-meta":"","header-main-stick-meta":"","header-below-stick-meta":"","astra-migrate-meta-layouts":"default","ast-page-background-enabled":"default","ast-page-background-meta":{"desktop":{"background-color":"var(--ast-global-color-4)","background-image":"","background-repeat":"repeat","background-position":"center center","background-size":"auto","background-attachment":"scroll","background-type":"","background-media":"","overlay-type":"","overlay-color":"","overlay-opacity":"","overlay-gradient":""},"tablet":{"background-color":"","background-image":"","background-repeat":"repeat","background-position":"center center","background-size":"auto","background-attachment":"scroll","background-type":"","background-media":"","overlay-type":"","overlay-color":"","overlay-opacity":"","overlay-gradient":""},"mobile":{"background-color":"","background-image":"","background-repeat":"repeat","background-position":"center center","background-size":"auto","background-attachment":"scroll","background-type":"","background-media":"","overlay-type":"","overlay-color":"","overlay-opacity":"","overlay-gradient":""}},"ast-content-background-meta":{"desktop":{"background-color":"var(--ast-global-color-5)","background-image":"","background-repeat":"repeat","background-position":"center center","background-size":"auto","background-attachment":"scroll","background-type":"","background-media":"","overlay-type":"","overlay-color":"","overlay-opacity":"","overlay-gradient":""},"tablet":{"background-color":"var(--ast-global-color-5)","background-image":"","background-repeat":"repeat","background-position":"center center","background-size":"auto","background-attachment":"scroll","background-type":"","background-media":"","overlay-type":"","overlay-color":"","overlay-opacity":"","overlay-gradient":""},"mobile":{"background-color":"var(--ast-global-color-5)","background-image":"","background-repeat":"repeat","background-position":"center center","background-size":"auto","background-attachment":"scroll","background-type":"","background-media":"","overlay-type":"","overlay-color":"","overlay-opacity":"","overlay-gradient":""}},"_vp_format_video_url":"","_vp_image_focal_point":[],"footnotes":""},"class_list":["post-1108","page","type-page","status-publish","hentry"],"featured_image_src":null,"_links":{"self":[{"href":"https:\/\/www.acccflagship.fi\/index.php\/wp-json\/wp\/v2\/pages\/1108","targetHints":{"allow":["GET"]}}],"collection":[{"href":"https:\/\/www.acccflagship.fi\/index.php\/wp-json\/wp\/v2\/pages"}],"about":[{"href":"https:\/\/www.acccflagship.fi\/index.php\/wp-json\/wp\/v2\/types\/page"}],"author":[{"embeddable":true,"href":"https:\/\/www.acccflagship.fi\/index.php\/wp-json\/wp\/v2\/users\/1"}],"replies":[{"embeddable":true,"href":"https:\/\/www.acccflagship.fi\/index.php\/wp-json\/wp\/v2\/comments?post=1108"}],"version-history":[{"count":4,"href":"https:\/\/www.acccflagship.fi\/index.php\/wp-json\/wp\/v2\/pages\/1108\/revisions"}],"predecessor-version":[{"id":1141,"href":"https:\/\/www.acccflagship.fi\/index.php\/wp-json\/wp\/v2\/pages\/1108\/revisions\/1141"}],"wp:attachment":[{"href":"https:\/\/www.acccflagship.fi\/index.php\/wp-json\/wp\/v2\/media?parent=1108"}],"curies":[{"name":"wp","href":"https:\/\/api.w.org\/{rel}","templated":true}]}}