{"id":1106,"date":"2021-05-17T07:41:57","date_gmt":"2021-05-17T07:41:57","guid":{"rendered":"https:\/\/www.acccflagship.fi\/?page_id=1106"},"modified":"2021-05-17T15:18:58","modified_gmt":"2021-05-17T15:18:58","slug":"forskning","status":"publish","type":"page","link":"https:\/\/www.acccflagship.fi\/index.php\/sv\/forskning\/","title":{"rendered":"Forskning"},"content":{"rendered":"\n<h4 class=\"wp-block-heading\"><strong>ACCC producerar en h\u00f6gklassig atmosf\u00e4r- och luftkvalitetsforskning som kr\u00e4vs f\u00f6r att uppn\u00e5 klimatneutralitet i Finland, Europeiska unionen och i hela v\u00e4rlden.<\/strong><\/h4>\n\n\n\n<p>Forskningen som g\u00f6rs i ACCC \u00e4r indelat i tre forskningsprogram:<\/p>\n\n\n\n<p>Forskningsprogram 1 &#8211; Quantifying and activating the potential of land-based climate&nbsp;change mitigation\u200b<\/p>\n\n\n\n<p>Forskningsprogram 2 \u2013 Quantifying the air quality (AQ)-climate interactions and their&nbsp;impacts\u200b<\/p>\n\n\n\n<p>Forskningsprogram&nbsp;3 \u2013 Climate change impacts and adaptation<\/p>\n\n\n\n<p>En annan viktig del av ACCC \u00e4r de 13 genomslagsprogrammen som st\u00f6der ett brett <a href=\"https:\/\/www.acccflagship.fi\/index.php\/sv\/samarbete\/\" target=\"_blank\" rel=\"noreferrer noopener\">samarbete<\/a> med flera olika samh\u00e4llsakt\u00f6rer.<\/p>\n\n\n\n<p>Mera information om forskning som g\u00f6rs i ACCC hittas p\u00e5 engelska <a href=\"https:\/\/www.acccflagship.fi\/index.php\/accc-science\/\" target=\"_blank\" rel=\"noreferrer noopener\">h\u00e4r<\/a>.<\/p>\n","protected":false},"excerpt":{"rendered":"<p>ACCC producerar en h\u00f6gklassig atmosf\u00e4r- och luftkvalitetsforskning som kr\u00e4vs f\u00f6r att uppn\u00e5 klimatneutralitet i Finland, Europeiska unionen och i hela v\u00e4rlden. Forskningen som g\u00f6rs i ACCC \u00e4r indelat i tre forskningsprogram: Forskningsprogram 1 &#8211; Quantifying and activating the potential of land-based climate&nbsp;change mitigation\u200b Forskningsprogram 2 \u2013 Quantifying the air quality (AQ)-climate interactions and their&nbsp;impacts\u200b Forskningsprogram&nbsp;3 [&hellip;]<\/p>\n","protected":false},"author":1,"featured_media":0,"parent":0,"menu_order":0,"comment_status":"closed","ping_status":"closed","template":"","meta":{"site-sidebar-layout":"default","site-content-layout":"","ast-site-content-layout":"default","site-content-style":"default","site-sidebar-style":"default","ast-global-header-display":"","ast-banner-title-visibility":"","ast-main-header-display":"","ast-hfb-above-header-display":"","ast-hfb-below-header-display":"","ast-hfb-mobile-header-display":"","site-post-title":"","ast-breadcrumbs-content":"","ast-featured-img":"","footer-sml-layout":"","ast-disable-related-posts":"","theme-transparent-header-meta":"","adv-header-id-meta":"","stick-header-meta":"","header-above-stick-meta":"","header-main-stick-meta":"","header-below-stick-meta":"","astra-migrate-meta-layouts":"default","ast-page-background-enabled":"default","ast-page-background-meta":{"desktop":{"background-color":"var(--ast-global-color-4)","background-image":"","background-repeat":"repeat","background-position":"center center","background-size":"auto","background-attachment":"scroll","background-type":"","background-media":"","overlay-type":"","overlay-color":"","overlay-opacity":"","overlay-gradient":""},"tablet":{"background-color":"","background-image":"","background-repeat":"repeat","background-position":"center center","background-size":"auto","background-attachment":"scroll","background-type":"","background-media":"","overlay-type":"","overlay-color":"","overlay-opacity":"","overlay-gradient":""},"mobile":{"background-color":"","background-image":"","background-repeat":"repeat","background-position":"center center","background-size":"auto","background-attachment":"scroll","background-type":"","background-media":"","overlay-type":"","overlay-color":"","overlay-opacity":"","overlay-gradient":""}},"ast-content-background-meta":{"desktop":{"background-color":"var(--ast-global-color-5)","background-image":"","background-repeat":"repeat","background-position":"center center","background-size":"auto","background-attachment":"scroll","background-type":"","background-media":"","overlay-type":"","overlay-color":"","overlay-opacity":"","overlay-gradient":""},"tablet":{"background-color":"var(--ast-global-color-5)","background-image":"","background-repeat":"repeat","background-position":"center center","background-size":"auto","background-attachment":"scroll","background-type":"","background-media":"","overlay-type":"","overlay-color":"","overlay-opacity":"","overlay-gradient":""},"mobile":{"background-color":"var(--ast-global-color-5)","background-image":"","background-repeat":"repeat","background-position":"center center","background-size":"auto","background-attachment":"scroll","background-type":"","background-media":"","overlay-type":"","overlay-color":"","overlay-opacity":"","overlay-gradient":""}},"_vp_format_video_url":"","_vp_image_focal_point":[],"footnotes":""},"class_list":["post-1106","page","type-page","status-publish","hentry"],"featured_image_src":null,"_links":{"self":[{"href":"https:\/\/www.acccflagship.fi\/index.php\/wp-json\/wp\/v2\/pages\/1106","targetHints":{"allow":["GET"]}}],"collection":[{"href":"https:\/\/www.acccflagship.fi\/index.php\/wp-json\/wp\/v2\/pages"}],"about":[{"href":"https:\/\/www.acccflagship.fi\/index.php\/wp-json\/wp\/v2\/types\/page"}],"author":[{"embeddable":true,"href":"https:\/\/www.acccflagship.fi\/index.php\/wp-json\/wp\/v2\/users\/1"}],"replies":[{"embeddable":true,"href":"https:\/\/www.acccflagship.fi\/index.php\/wp-json\/wp\/v2\/comments?post=1106"}],"version-history":[{"count":4,"href":"https:\/\/www.acccflagship.fi\/index.php\/wp-json\/wp\/v2\/pages\/1106\/revisions"}],"predecessor-version":[{"id":1143,"href":"https:\/\/www.acccflagship.fi\/index.php\/wp-json\/wp\/v2\/pages\/1106\/revisions\/1143"}],"wp:attachment":[{"href":"https:\/\/www.acccflagship.fi\/index.php\/wp-json\/wp\/v2\/media?parent=1106"}],"curies":[{"name":"wp","href":"https:\/\/api.w.org\/{rel}","templated":true}]}}