{"id":71,"date":"2023-12-04T10:05:40","date_gmt":"2023-12-04T08:05:40","guid":{"rendered":"https:\/\/www.acccflagship.fi\/ilmastotoimintakeskus\/?page_id=71"},"modified":"2026-04-13T10:12:49","modified_gmt":"2026-04-13T07:12:49","slug":"menneet-tapahtumat","status":"publish","type":"page","link":"https:\/\/www.acccflagship.fi\/ilmastotoimintakeskus\/menneet-tapahtumat\/","title":{"rendered":"Menneet tapahtumat"},"content":{"rendered":"\n<p>T\u00e4ll\u00e4 sivulla olevista linkeist\u00e4 l\u00f6yd\u00e4t Ilmastotoimintakeskuksen ty\u00f6pajojen materiaalit. <\/p>\n\n\n\n<p><a href=\"https:\/\/www.acccflagship.fi\/ilmastotoimintakeskus\/marraskuun-2023-tyopaja\/\">Marraskuun 2023 ty\u00f6paja: Aloitusty\u00f6paja<\/a><\/p>\n\n\n\n<p><a href=\"https:\/\/www.acccflagship.fi\/ilmastotoimintakeskus\/helmikuun-2024-tyopaja\/\">Helmikuun 2024 ty\u00f6paja: K\u00e4yt\u00e4nn\u00f6n esimerkit organisaatioiden ilmastotoimista<\/a><\/p>\n\n\n\n<p><a href=\"https:\/\/www.acccflagship.fi\/ilmastotoimintakeskus\/huhtikuun-2024-tyopaja\/\">Huhtikuun 2024 ty\u00f6paja: Ilmastoterminologian viidakko<\/a><\/p>\n\n\n\n<p><a href=\"https:\/\/www.acccflagship.fi\/ilmastotoimintakeskus\/syyskuun-2024-tyopaja\/\">Syyskuun 2024 ty\u00f6paja: Rakkaudesta mets\u00e4\u00e4n<\/a><\/p>\n\n\n\n<p><a href=\"https:\/\/www.acccflagship.fi\/ilmastotoimintakeskus\/marraskuun-2024-tyopaja\/\">Marraskuun 2024 ty\u00f6paja: Ilmasto- ja ymp\u00e4rist\u00f6suunnitelmien laatiminen<\/a><\/p>\n\n\n\n<p><a href=\"https:\/\/www.acccflagship.fi\/ilmastotoimintakeskus\/helmikuun-2025-tyopaja-monitavoitteinen-maatalous\/\">Helmikuun 2025 ty\u00f6paja: Monitavoitteinen maatalous<\/a><\/p>\n\n\n\n<p><a href=\"https:\/\/www.acccflagship.fi\/ilmastotoimintakeskus\/huhtikuun-2025-tyopaja\/\">Huhtikuun 2025 ty\u00f6paja: Vastuullisuusraportointi<\/a><\/p>\n\n\n\n<p><a href=\"https:\/\/www.acccflagship.fi\/ilmastotoimintakeskus\/syyskuun-2025-tyopaja\/\">Syyskuun 2025 ty\u00f6paja: Luonnon monimuotoisuus<\/a><\/p>\n\n\n\n<p><a href=\"https:\/\/www.acccflagship.fi\/ilmastotoimintakeskus\/marraskuun-2025-tyopaja-ilmastonmuutokseen-sopetumisen-sosiaaliset-vaikutukset\/\">Marraskuun 2025 ty\u00f6paja: Ilmastonmuutokseen sopeutumisen sosiaaliset vaikutukset<\/a><\/p>\n\n\n\n<p><a href=\"https:\/\/www.acccflagship.fi\/ilmastotoimintakeskus\/helmikuun-2026-tyopaja-ilmastoviestinta\/\">Helmikuun 2026 ty\u00f6paja: Ilmastoviestint\u00e4<\/a><\/p>\n\n\n\n<p><a href=\"https:\/\/www.acccflagship.fi\/ilmastotoimintakeskus\/loppuseminaari-9-4-2026\/\">Huhtikuun 2026 ty\u00f6paja: Loppuseminaari<\/a><\/p>\n","protected":false},"excerpt":{"rendered":"<p>T\u00e4ll\u00e4 sivulla olevista linkeist\u00e4 l\u00f6yd\u00e4t Ilmastotoimintakeskuksen ty\u00f6pajojen materiaalit. Marraskuun 2023 ty\u00f6paja: Aloitusty\u00f6paja Helmikuun 2024 ty\u00f6paja: K\u00e4yt\u00e4nn\u00f6n esimerkit organisaatioiden ilmastotoimista Huhtikuun 2024 ty\u00f6paja: Ilmastoterminologian viidakko Syyskuun 2024 ty\u00f6paja: Rakkaudesta mets\u00e4\u00e4n Marraskuun 2024 ty\u00f6paja: Ilmasto- ja ymp\u00e4rist\u00f6suunnitelmien laatiminen Helmikuun 2025 ty\u00f6paja: Monitavoitteinen maatalous Huhtikuun 2025 ty\u00f6paja: Vastuullisuusraportointi Syyskuun 2025 ty\u00f6paja: Luonnon monimuotoisuus Marraskuun 2025 ty\u00f6paja: Ilmastonmuutokseen sopeutumisen [&hellip;]<\/p>\n","protected":false},"author":2,"featured_media":0,"parent":0,"menu_order":0,"comment_status":"closed","ping_status":"closed","template":"","meta":{"site-sidebar-layout":"default","site-content-layout":"","ast-site-content-layout":"default","site-content-style":"default","site-sidebar-style":"default","ast-global-header-display":"","ast-banner-title-visibility":"","ast-main-header-display":"","ast-hfb-above-header-display":"","ast-hfb-below-header-display":"","ast-hfb-mobile-header-display":"","site-post-title":"","ast-breadcrumbs-content":"","ast-featured-img":"","footer-sml-layout":"","ast-disable-related-posts":"","theme-transparent-header-meta":"","adv-header-id-meta":"","stick-header-meta":"","header-above-stick-meta":"","header-main-stick-meta":"","header-below-stick-meta":"","astra-migrate-meta-layouts":"default","ast-page-background-enabled":"default","ast-page-background-meta":{"desktop":{"background-color":"var(--ast-global-color-4)","background-image":"","background-repeat":"repeat","background-position":"center center","background-size":"auto","background-attachment":"scroll","background-type":"","background-media":"","overlay-type":"","overlay-color":"","overlay-opacity":"","overlay-gradient":""},"tablet":{"background-color":"","background-image":"","background-repeat":"repeat","background-position":"center center","background-size":"auto","background-attachment":"scroll","background-type":"","background-media":"","overlay-type":"","overlay-color":"","overlay-opacity":"","overlay-gradient":""},"mobile":{"background-color":"","background-image":"","background-repeat":"repeat","background-position":"center center","background-size":"auto","background-attachment":"scroll","background-type":"","background-media":"","overlay-type":"","overlay-color":"","overlay-opacity":"","overlay-gradient":""}},"ast-content-background-meta":{"desktop":{"background-color":"var(--ast-global-color-5)","background-image":"","background-repeat":"repeat","background-position":"center center","background-size":"auto","background-attachment":"scroll","background-type":"","background-media":"","overlay-type":"","overlay-color":"","overlay-opacity":"","overlay-gradient":""},"tablet":{"background-color":"var(--ast-global-color-5)","background-image":"","background-repeat":"repeat","background-position":"center center","background-size":"auto","background-attachment":"scroll","background-type":"","background-media":"","overlay-type":"","overlay-color":"","overlay-opacity":"","overlay-gradient":""},"mobile":{"background-color":"var(--ast-global-color-5)","background-image":"","background-repeat":"repeat","background-position":"center center","background-size":"auto","background-attachment":"scroll","background-type":"","background-media":"","overlay-type":"","overlay-color":"","overlay-opacity":"","overlay-gradient":""}},"footnotes":""},"class_list":["post-71","page","type-page","status-publish","hentry"],"_links":{"self":[{"href":"https:\/\/www.acccflagship.fi\/ilmastotoimintakeskus\/wp-json\/wp\/v2\/pages\/71","targetHints":{"allow":["GET"]}}],"collection":[{"href":"https:\/\/www.acccflagship.fi\/ilmastotoimintakeskus\/wp-json\/wp\/v2\/pages"}],"about":[{"href":"https:\/\/www.acccflagship.fi\/ilmastotoimintakeskus\/wp-json\/wp\/v2\/types\/page"}],"author":[{"embeddable":true,"href":"https:\/\/www.acccflagship.fi\/ilmastotoimintakeskus\/wp-json\/wp\/v2\/users\/2"}],"replies":[{"embeddable":true,"href":"https:\/\/www.acccflagship.fi\/ilmastotoimintakeskus\/wp-json\/wp\/v2\/comments?post=71"}],"version-history":[{"count":44,"href":"https:\/\/www.acccflagship.fi\/ilmastotoimintakeskus\/wp-json\/wp\/v2\/pages\/71\/revisions"}],"predecessor-version":[{"id":590,"href":"https:\/\/www.acccflagship.fi\/ilmastotoimintakeskus\/wp-json\/wp\/v2\/pages\/71\/revisions\/590"}],"wp:attachment":[{"href":"https:\/\/www.acccflagship.fi\/ilmastotoimintakeskus\/wp-json\/wp\/v2\/media?parent=71"}],"curies":[{"name":"wp","href":"https:\/\/api.w.org\/{rel}","templated":true}]}}