{"id":7,"date":"2023-10-17T14:31:07","date_gmt":"2023-10-17T11:31:07","guid":{"rendered":"http:\/\/www.acccflagship.fi\/ilmastotoimintakeskus\/?page_id=7"},"modified":"2026-04-13T10:03:19","modified_gmt":"2026-04-13T07:03:19","slug":"etusivu","status":"publish","type":"page","link":"https:\/\/www.acccflagship.fi\/ilmastotoimintakeskus\/","title":{"rendered":"Etusivu"},"content":{"rendered":"\n<div class=\"wp-block-cover alignfull\"><img loading=\"lazy\" decoding=\"async\" width=\"1024\" height=\"179\" class=\"wp-block-cover__image-background wp-image-239 size-large\" alt=\"\" src=\"https:\/\/www.acccflagship.fi\/ilmastotoimintakeskus\/wp-content\/uploads\/2024\/04\/057_DSCF3044_kaita-1024x179.jpg\" data-object-fit=\"cover\" srcset=\"https:\/\/www.acccflagship.fi\/ilmastotoimintakeskus\/wp-content\/uploads\/2024\/04\/057_DSCF3044_kaita-1024x179.jpg 1024w, https:\/\/www.acccflagship.fi\/ilmastotoimintakeskus\/wp-content\/uploads\/2024\/04\/057_DSCF3044_kaita-300x52.jpg 300w, https:\/\/www.acccflagship.fi\/ilmastotoimintakeskus\/wp-content\/uploads\/2024\/04\/057_DSCF3044_kaita-768x134.jpg 768w, https:\/\/www.acccflagship.fi\/ilmastotoimintakeskus\/wp-content\/uploads\/2024\/04\/057_DSCF3044_kaita-1536x268.jpg 1536w, https:\/\/www.acccflagship.fi\/ilmastotoimintakeskus\/wp-content\/uploads\/2024\/04\/057_DSCF3044_kaita.jpg 1600w\" sizes=\"auto, (max-width: 1024px) 100vw, 1024px\" \/><span aria-hidden=\"true\" class=\"wp-block-cover__background has-background-dim\"><\/span><div class=\"wp-block-cover__inner-container is-layout-flow wp-block-cover-is-layout-flow\">\n<p class=\"has-text-align-center has-large-font-size\"><\/p>\n<\/div><\/div>\n\n\n\n<div class=\"wp-block-columns is-layout-flex wp-container-core-columns-is-layout-28f84493 wp-block-columns-is-layout-flex\">\n<div class=\"wp-block-column is-layout-flow wp-block-column-is-layout-flow\" style=\"flex-basis:66.66%\">\n<p>Tervetuloa Pirkanmaan Ilmastotoimintakeskuksen sivuille! <\/p>\n\n\n\n<p>Pirkanmaan Ilmastotoimintakeskus (PIK) on Helsingin ja Tampereen yliopistojen yhteisty\u00f6, joka sijaitsee fyysisesti Helsingin yliopiston Hyyti\u00e4l\u00e4n mets\u00e4asemalla Juupajoella. Keskuksen tavoitteena on kehitt\u00e4\u00e4 uusia ratkaisuja ja toimintamalleja ilmastonmuutoksen hillint\u00e4\u00e4n ja siihen sopeutumiseen sek\u00e4 luontokadon torjuntaan Pirkanmaan alueella yhteisty\u00f6ss\u00e4 maakunnan eri toimijoiden kanssa. Keskuksen toimintaa rahoittaa Pirkanmaan liitto. Keskus on toiminnassa hein\u00e4kuun loppuun 2026 asti.<\/p>\n\n\n\n<p>Ilmastotoimintakeskus tuo yhteen maakunnan eri toimijat ja yliopistojen (sek\u00e4 kumppanitahojen) tutkijat ja asiantuntijat. Keskus mahdollistaa uusimman tutkimustiedon siirt\u00e4misen k\u00e4yt\u00e4nn\u00f6n toimintaan vahvistaen n\u00e4in ilmasto- ja ymp\u00e4rist\u00f6osaamista sek\u00e4 yksitt\u00e4isen organisaation ett\u00e4 koko maakunnan tasolla. Keskuksen k\u00e4yt\u00e4nn\u00f6n toiminta keskittyy yhteiskehitysty\u00f6pajoihin, joita j\u00e4rjestet\u00e4\u00e4n p\u00e4\u00e4asiassa Hyyti\u00e4l\u00e4n mets\u00e4asemalla. <\/p>\n\n\n\n<p>Ty\u00f6pajoja j\u00e4rjestet\u00e4\u00e4n noin nelj\u00e4 kertaa vuodessa. Osa ty\u00f6pajoista pidet\u00e4\u00e4n my\u00f6s Hyyti\u00e4l\u00e4n ulkopuolella. Jokaisella ty\u00f6pajalla on oma teemansa, ja osallistujat voivat valita oman kiinnostuksensa mukaan, ett\u00e4 mihin ty\u00f6pajoihin osallistuvat. Teemoja on kartoitettu alkukyselyll\u00e4, johon voi edelleen vastata. Ty\u00f6pajoissa kuullaan asiantuntijoiden esityksi\u00e4 ja ty\u00f6skennell\u00e4\u00e4n pienryhmiss\u00e4 teemaan sopivien kysymysten parissa. Ilmastotoimintakeskus kustantaa osallistujille lounaan ja p\u00e4iv\u00e4kahvin.<\/p>\n\n\n\n<p>Lis\u00e4tietoa tulevista ty\u00f6pajoista l\u00f6ytyy t\u00e4lt\u00e4 sivulta <em><strong>Tulevat tapahtumat<\/strong><\/em> -osiosta. Sinne p\u00e4ivitet\u00e4\u00e4n mm. vuoden 2025 ty\u00f6pajateemat ja ilmoittautumislomakkeet. Menneet tapahtumat -osiosta l\u00f6ytyy tietoa pidetyist\u00e4 ty\u00f6pajoista.<\/p>\n\n\n\n<p>L\u00e4mpim\u00e4sti tervetuloa mukaan Ilmastotoimintakeskuksen toimintaan!<\/p>\n<\/div>\n\n\n\n<div class=\"wp-block-column is-layout-flow wp-block-column-is-layout-flow\" style=\"border-style:none;border-width:0px;padding-top:0;padding-right:0;padding-bottom:0;padding-left:0;flex-basis:33.33%\">\n<pre class=\"wp-block-preformatted has-ast-global-color-2-color has-ast-global-color-7-background-color has-text-color has-background has-link-color has-medium-font-size wp-elements-c316b765b980aa0662a9ade5a55445bc\">Pirkanmaan Ilmastotoimintakeskuksen toiminta p\u00e4\u00e4ttyy 31.7.2026. Lue lis\u00e4\u00e4 <a href=\"https:\/\/www.acccflagship.fi\/ilmastotoimintakeskus\/tulevat-tapahtumat\/\">t\u00e4\u00e4lt\u00e4<\/a>.<\/pre>\n<\/div>\n<\/div>\n\n\n\n<p><\/p>\n","protected":false},"excerpt":{"rendered":"<p>Tervetuloa Pirkanmaan Ilmastotoimintakeskuksen sivuille! Pirkanmaan Ilmastotoimintakeskus (PIK) on Helsingin ja Tampereen yliopistojen yhteisty\u00f6, joka sijaitsee fyysisesti Helsingin yliopiston Hyyti\u00e4l\u00e4n mets\u00e4asemalla Juupajoella. Keskuksen tavoitteena on kehitt\u00e4\u00e4 uusia ratkaisuja ja toimintamalleja ilmastonmuutoksen hillint\u00e4\u00e4n ja siihen sopeutumiseen sek\u00e4 luontokadon torjuntaan Pirkanmaan alueella yhteisty\u00f6ss\u00e4 maakunnan eri toimijoiden kanssa. Keskuksen toimintaa rahoittaa Pirkanmaan liitto. Keskus on toiminnassa hein\u00e4kuun loppuun 2026 [&hellip;]<\/p>\n","protected":false},"author":1,"featured_media":0,"parent":0,"menu_order":0,"comment_status":"closed","ping_status":"closed","template":"","meta":{"site-sidebar-layout":"default","site-content-layout":"","ast-site-content-layout":"default","site-content-style":"default","site-sidebar-style":"default","ast-global-header-display":"","ast-banner-title-visibility":"","ast-main-header-display":"","ast-hfb-above-header-display":"","ast-hfb-below-header-display":"","ast-hfb-mobile-header-display":"","site-post-title":"","ast-breadcrumbs-content":"","ast-featured-img":"","footer-sml-layout":"","ast-disable-related-posts":"","theme-transparent-header-meta":"","adv-header-id-meta":"","stick-header-meta":"","header-above-stick-meta":"","header-main-stick-meta":"","header-below-stick-meta":"","astra-migrate-meta-layouts":"","ast-page-background-enabled":"default","ast-page-background-meta":{"desktop":{"background-color":"var(--ast-global-color-4)","background-image":"","background-repeat":"repeat","background-position":"center center","background-size":"auto","background-attachment":"scroll","background-type":"","background-media":"","overlay-type":"","overlay-color":"","overlay-opacity":"","overlay-gradient":""},"tablet":{"background-color":"","background-image":"","background-repeat":"repeat","background-position":"center center","background-size":"auto","background-attachment":"scroll","background-type":"","background-media":"","overlay-type":"","overlay-color":"","overlay-opacity":"","overlay-gradient":""},"mobile":{"background-color":"","background-image":"","background-repeat":"repeat","background-position":"center center","background-size":"auto","background-attachment":"scroll","background-type":"","background-media":"","overlay-type":"","overlay-color":"","overlay-opacity":"","overlay-gradient":""}},"ast-content-background-meta":{"desktop":{"background-color":"var(--ast-global-color-5)","background-image":"","background-repeat":"repeat","background-position":"center center","background-size":"auto","background-attachment":"scroll","background-type":"","background-media":"","overlay-type":"","overlay-color":"","overlay-opacity":"","overlay-gradient":""},"tablet":{"background-color":"var(--ast-global-color-5)","background-image":"","background-repeat":"repeat","background-position":"center center","background-size":"auto","background-attachment":"scroll","background-type":"","background-media":"","overlay-type":"","overlay-color":"","overlay-opacity":"","overlay-gradient":""},"mobile":{"background-color":"var(--ast-global-color-5)","background-image":"","background-repeat":"repeat","background-position":"center center","background-size":"auto","background-attachment":"scroll","background-type":"","background-media":"","overlay-type":"","overlay-color":"","overlay-opacity":"","overlay-gradient":""}},"footnotes":""},"class_list":["post-7","page","type-page","status-publish","hentry"],"_links":{"self":[{"href":"https:\/\/www.acccflagship.fi\/ilmastotoimintakeskus\/wp-json\/wp\/v2\/pages\/7","targetHints":{"allow":["GET"]}}],"collection":[{"href":"https:\/\/www.acccflagship.fi\/ilmastotoimintakeskus\/wp-json\/wp\/v2\/pages"}],"about":[{"href":"https:\/\/www.acccflagship.fi\/ilmastotoimintakeskus\/wp-json\/wp\/v2\/types\/page"}],"author":[{"embeddable":true,"href":"https:\/\/www.acccflagship.fi\/ilmastotoimintakeskus\/wp-json\/wp\/v2\/users\/1"}],"replies":[{"embeddable":true,"href":"https:\/\/www.acccflagship.fi\/ilmastotoimintakeskus\/wp-json\/wp\/v2\/comments?post=7"}],"version-history":[{"count":58,"href":"https:\/\/www.acccflagship.fi\/ilmastotoimintakeskus\/wp-json\/wp\/v2\/pages\/7\/revisions"}],"predecessor-version":[{"id":581,"href":"https:\/\/www.acccflagship.fi\/ilmastotoimintakeskus\/wp-json\/wp\/v2\/pages\/7\/revisions\/581"}],"wp:attachment":[{"href":"https:\/\/www.acccflagship.fi\/ilmastotoimintakeskus\/wp-json\/wp\/v2\/media?parent=7"}],"curies":[{"name":"wp","href":"https:\/\/api.w.org\/{rel}","templated":true}]}}