{"id":587,"date":"2026-04-13T10:11:52","date_gmt":"2026-04-13T07:11:52","guid":{"rendered":"https:\/\/www.acccflagship.fi\/ilmastotoimintakeskus\/?page_id=587"},"modified":"2026-04-13T10:36:16","modified_gmt":"2026-04-13T07:36:16","slug":"loppuseminaari-9-4-2026","status":"publish","type":"page","link":"https:\/\/www.acccflagship.fi\/ilmastotoimintakeskus\/loppuseminaari-9-4-2026\/","title":{"rendered":"Loppuseminaari 9.4.2026"},"content":{"rendered":"\n<p>Pirkanmaan Ilmastotoimintakeskuksen loppuseminaari j\u00e4rjestettiin Hyyti\u00e4l\u00e4n mets\u00e4asemalla torstaina 9.4.2026 klo 11.15.-16.00. <\/p>\n\n\n\n<p>Puheenvuoroja kuultiin Eveliina Asikaiselta Tampereen ammattikorkeakoulusta, Liisa Hyttiselt\u00e4 Pirkanmaan liitosta ja Ilmastotoimintakeskuksen tiimin j\u00e4senilt\u00e4. Tilaisuudessa kuultiin my\u00f6s vapaita sanoja, ja oli mukana muutama yll\u00e4tyskin.<\/p>\n\n\n\n<p>T\u00e4lle sivulle kootaan loppuseminaarin materiaalit. Kiit\u00e4mme kaikkia loppuseminaariin osallistuneita!<\/p>\n\n\n\n<div data-wp-interactive=\"core\/file\" class=\"wp-block-file\"><object data-wp-bind--hidden=\"!state.hasPdfPreview\" hidden class=\"wp-block-file__embed\" data=\"https:\/\/www.acccflagship.fi\/ilmastotoimintakeskus\/wp-content\/uploads\/2026\/04\/PIK_09042026.pdf\" type=\"application\/pdf\" style=\"width:100%;height:600px\" aria-label=\"Tiedoston PIK_09042026 upotus.\"><\/object><a id=\"wp-block-file--media-9fa7a0eb-f474-4108-9172-d1ef66923823\" href=\"https:\/\/www.acccflagship.fi\/ilmastotoimintakeskus\/wp-content\/uploads\/2026\/04\/PIK_09042026.pdf\">PIK_09042026<\/a><a href=\"https:\/\/www.acccflagship.fi\/ilmastotoimintakeskus\/wp-content\/uploads\/2026\/04\/PIK_09042026.pdf\" class=\"wp-block-file__button wp-element-button\" download aria-describedby=\"wp-block-file--media-9fa7a0eb-f474-4108-9172-d1ef66923823\">Lataa<\/a><\/div>\n\n\n\n<div data-wp-interactive=\"core\/file\" class=\"wp-block-file\"><object data-wp-bind--hidden=\"!state.hasPdfPreview\" hidden class=\"wp-block-file__embed\" data=\"https:\/\/www.acccflagship.fi\/ilmastotoimintakeskus\/wp-content\/uploads\/2026\/04\/Verkostojen-voima-ilmastotyon-edistamisessa_FINAL_9.4.2026.pdf\" type=\"application\/pdf\" style=\"width:100%;height:600px\" aria-label=\"Tiedoston Verkostojen voima ilmastoty\u00f6n edist\u00e4misess\u00e4_FINAL_9.4.2026 upotus.\"><\/object><a id=\"wp-block-file--media-f497aafc-f099-4639-bca6-1d16b03ba036\" href=\"https:\/\/www.acccflagship.fi\/ilmastotoimintakeskus\/wp-content\/uploads\/2026\/04\/Verkostojen-voima-ilmastotyon-edistamisessa_FINAL_9.4.2026.pdf\">Verkostojen voima ilmastoty\u00f6n edist\u00e4misess\u00e4_FINAL_9.4.2026<\/a><a href=\"https:\/\/www.acccflagship.fi\/ilmastotoimintakeskus\/wp-content\/uploads\/2026\/04\/Verkostojen-voima-ilmastotyon-edistamisessa_FINAL_9.4.2026.pdf\" class=\"wp-block-file__button wp-element-button\" download aria-describedby=\"wp-block-file--media-f497aafc-f099-4639-bca6-1d16b03ba036\">Lataa<\/a><\/div>\n\n\n\n<div data-wp-interactive=\"core\/file\" class=\"wp-block-file\"><object data-wp-bind--hidden=\"!state.hasPdfPreview\" hidden class=\"wp-block-file__embed\" data=\"https:\/\/www.acccflagship.fi\/ilmastotoimintakeskus\/wp-content\/uploads\/2026\/04\/PIK-loppuseminaari_090426_julk.pdf\" type=\"application\/pdf\" style=\"width:100%;height:600px\" aria-label=\"Tiedoston PIK-loppuseminaari_090426_julk upotus.\"><\/object><a id=\"wp-block-file--media-4e16797d-4183-4f50-8467-7553a1e37d5d\" href=\"https:\/\/www.acccflagship.fi\/ilmastotoimintakeskus\/wp-content\/uploads\/2026\/04\/PIK-loppuseminaari_090426_julk.pdf\">PIK-loppuseminaari_090426_julk<\/a><a href=\"https:\/\/www.acccflagship.fi\/ilmastotoimintakeskus\/wp-content\/uploads\/2026\/04\/PIK-loppuseminaari_090426_julk.pdf\" class=\"wp-block-file__button wp-element-button\" download aria-describedby=\"wp-block-file--media-4e16797d-4183-4f50-8467-7553a1e37d5d\">Lataa<\/a><\/div>\n","protected":false},"excerpt":{"rendered":"<p>Pirkanmaan Ilmastotoimintakeskuksen loppuseminaari j\u00e4rjestettiin Hyyti\u00e4l\u00e4n mets\u00e4asemalla torstaina 9.4.2026 klo 11.15.-16.00. Puheenvuoroja kuultiin Eveliina Asikaiselta Tampereen ammattikorkeakoulusta, Liisa Hyttiselt\u00e4 Pirkanmaan liitosta ja Ilmastotoimintakeskuksen tiimin j\u00e4senilt\u00e4. Tilaisuudessa kuultiin my\u00f6s vapaita sanoja, ja oli mukana muutama yll\u00e4tyskin. T\u00e4lle sivulle kootaan loppuseminaarin materiaalit. Kiit\u00e4mme kaikkia loppuseminaariin osallistuneita!<\/p>\n","protected":false},"author":2,"featured_media":0,"parent":0,"menu_order":0,"comment_status":"closed","ping_status":"closed","template":"","meta":{"site-sidebar-layout":"default","site-content-layout":"","ast-site-content-layout":"default","site-content-style":"default","site-sidebar-style":"default","ast-global-header-display":"","ast-banner-title-visibility":"","ast-main-header-display":"","ast-hfb-above-header-display":"","ast-hfb-below-header-display":"","ast-hfb-mobile-header-display":"","site-post-title":"","ast-breadcrumbs-content":"","ast-featured-img":"","footer-sml-layout":"","ast-disable-related-posts":"","theme-transparent-header-meta":"","adv-header-id-meta":"","stick-header-meta":"","header-above-stick-meta":"","header-main-stick-meta":"","header-below-stick-meta":"","astra-migrate-meta-layouts":"default","ast-page-background-enabled":"default","ast-page-background-meta":{"desktop":{"background-color":"var(--ast-global-color-4)","background-image":"","background-repeat":"repeat","background-position":"center center","background-size":"auto","background-attachment":"scroll","background-type":"","background-media":"","overlay-type":"","overlay-color":"","overlay-opacity":"","overlay-gradient":""},"tablet":{"background-color":"","background-image":"","background-repeat":"repeat","background-position":"center center","background-size":"auto","background-attachment":"scroll","background-type":"","background-media":"","overlay-type":"","overlay-color":"","overlay-opacity":"","overlay-gradient":""},"mobile":{"background-color":"","background-image":"","background-repeat":"repeat","background-position":"center center","background-size":"auto","background-attachment":"scroll","background-type":"","background-media":"","overlay-type":"","overlay-color":"","overlay-opacity":"","overlay-gradient":""}},"ast-content-background-meta":{"desktop":{"background-color":"var(--ast-global-color-5)","background-image":"","background-repeat":"repeat","background-position":"center center","background-size":"auto","background-attachment":"scroll","background-type":"","background-media":"","overlay-type":"","overlay-color":"","overlay-opacity":"","overlay-gradient":""},"tablet":{"background-color":"var(--ast-global-color-5)","background-image":"","background-repeat":"repeat","background-position":"center center","background-size":"auto","background-attachment":"scroll","background-type":"","background-media":"","overlay-type":"","overlay-color":"","overlay-opacity":"","overlay-gradient":""},"mobile":{"background-color":"var(--ast-global-color-5)","background-image":"","background-repeat":"repeat","background-position":"center center","background-size":"auto","background-attachment":"scroll","background-type":"","background-media":"","overlay-type":"","overlay-color":"","overlay-opacity":"","overlay-gradient":""}},"footnotes":""},"class_list":["post-587","page","type-page","status-publish","hentry"],"_links":{"self":[{"href":"https:\/\/www.acccflagship.fi\/ilmastotoimintakeskus\/wp-json\/wp\/v2\/pages\/587","targetHints":{"allow":["GET"]}}],"collection":[{"href":"https:\/\/www.acccflagship.fi\/ilmastotoimintakeskus\/wp-json\/wp\/v2\/pages"}],"about":[{"href":"https:\/\/www.acccflagship.fi\/ilmastotoimintakeskus\/wp-json\/wp\/v2\/types\/page"}],"author":[{"embeddable":true,"href":"https:\/\/www.acccflagship.fi\/ilmastotoimintakeskus\/wp-json\/wp\/v2\/users\/2"}],"replies":[{"embeddable":true,"href":"https:\/\/www.acccflagship.fi\/ilmastotoimintakeskus\/wp-json\/wp\/v2\/comments?post=587"}],"version-history":[{"count":3,"href":"https:\/\/www.acccflagship.fi\/ilmastotoimintakeskus\/wp-json\/wp\/v2\/pages\/587\/revisions"}],"predecessor-version":[{"id":595,"href":"https:\/\/www.acccflagship.fi\/ilmastotoimintakeskus\/wp-json\/wp\/v2\/pages\/587\/revisions\/595"}],"wp:attachment":[{"href":"https:\/\/www.acccflagship.fi\/ilmastotoimintakeskus\/wp-json\/wp\/v2\/media?parent=587"}],"curies":[{"name":"wp","href":"https:\/\/api.w.org\/{rel}","templated":true}]}}